{"id":2679,"date":"2021-03-22T20:55:07","date_gmt":"2021-03-22T20:55:07","guid":{"rendered":"https:\/\/fydyapi.com\/?page_id=2679"},"modified":"2021-08-31T09:26:46","modified_gmt":"2021-08-31T09:26:46","slug":"hizmetlerimiz-2","status":"publish","type":"page","link":"https:\/\/fydyapi.com\/index.php\/hizmetlerimiz-2\/","title":{"rendered":"Hizmetlerimiz"},"content":{"rendered":"\t\t<div data-elementor-type=\"wp-page\" data-elementor-id=\"2679\" class=\"elementor elementor-2679\">\n\t\t\t\t\t\t<section class=\"elementor-section elementor-top-section elementor-element elementor-element-3b601d6 elementor-section-boxed elementor-section-height-default elementor-section-height-default\" data-id=\"3b601d6\" data-element_type=\"section\" data-e-type=\"section\">\n\t\t\t\t\t\t<div class=\"elementor-container elementor-column-gap-default\">\n\t\t\t\t\t<div class=\"elementor-column elementor-col-100 elementor-top-column elementor-element elementor-element-da94794\" data-id=\"da94794\" data-element_type=\"column\" data-e-type=\"column\">\n\t\t\t<div class=\"elementor-widget-wrap elementor-element-populated\">\n\t\t\t\t\t\t<div class=\"elementor-element elementor-element-c96d10a elementor-invisible elementor-widget elementor-widget-heading\" data-id=\"c96d10a\" data-element_type=\"widget\" data-e-type=\"widget\" data-settings=\"{&quot;_animation&quot;:&quot;zoomInLeft&quot;}\" data-widget_type=\"heading.default\">\n\t\t\t\t<div class=\"elementor-widget-container\">\n\t\t\t\t\t<h4 class=\"elementor-heading-title elementor-size-default\"><p style=\"margin-bottom: 0.0001pt;line-height: normal;background-image: initial;background-position: initial;background-size: initial;background-repeat: initial;background-attachment: initial\"><font face=\"Arial, sans-serif\"><span style=\"font-size: 16px\"><b>Yap\u0131 Malzemeleri<\/b><\/span><\/font><\/p><\/h4>\t\t\t\t<\/div>\n\t\t\t\t<\/div>\n\t\t\t\t<div class=\"elementor-element elementor-element-5d0752b elementor-widget elementor-widget-text-editor\" data-id=\"5d0752b\" data-element_type=\"widget\" data-e-type=\"widget\" data-widget_type=\"text-editor.default\">\n\t\t\t\t<div class=\"elementor-widget-container\">\n\t\t\t\t\t\t\t\t\t<p>FYD Yap\u0131 olarak ;\u00a0<span style=\"font-size: 14px;\">in\u015faat sekt\u00f6r\u00fcn\u00fcn global marka de\u011ferindeki firma \u00fcr\u00fcnlerini, m\u00fc\u015fterilerimizin arzu ve beklentilerine hassasiyetle cevap vererek geni\u015f \u00fcr\u00fcn \u00e7e\u015fitlili\u011fimizle\u00a0 eksiklerinizi kar\u015f\u0131lamaktay\u0131z. Bu konuda m\u00fc\u015fterilerimizin memnuniyeti ve sat\u0131\u015f sonras\u0131 destekleriyle sonu\u00e7land\u0131rmak asli g\u00f6revimizdir.<\/span><\/p><p><span style=\"font-size: 14px;\">\u00a0<\/span><\/p>\t\t\t\t\t\t\t\t<\/div>\n\t\t\t\t<\/div>\n\t\t\t\t<div class=\"elementor-element elementor-element-83f14dc elementor-align-center elementor-widget elementor-widget-button\" data-id=\"83f14dc\" data-element_type=\"widget\" data-e-type=\"widget\" data-widget_type=\"button.default\">\n\t\t\t\t<div class=\"elementor-widget-container\">\n\t\t\t\t\t\t\t\t\t<div class=\"elementor-button-wrapper\">\n\t\t\t\t\t<a class=\"elementor-button elementor-button-link elementor-size-sm\" href=\"http:\/\/fydyapi.com\/index.php\/markalar\/\" target=\"_blank\">\n\t\t\t\t\t\t<span class=\"elementor-button-content-wrapper\">\n\t\t\t\t\t\t\t\t\t<span class=\"elementor-button-text\">Sat\u0131\u015f\u0131n\u0131 Yapt\u0131\u011f\u0131m\u0131z Markalar<\/span>\n\t\t\t\t\t<\/span>\n\t\t\t\t\t<\/a>\n\t\t\t\t<\/div>\n\t\t\t\t\t\t\t\t<\/div>\n\t\t\t\t<\/div>\n\t\t\t\t<div class=\"elementor-element elementor-element-2df1ca5 elementor-invisible elementor-widget elementor-widget-heading\" data-id=\"2df1ca5\" data-element_type=\"widget\" data-e-type=\"widget\" data-settings=\"{&quot;_animation&quot;:&quot;zoomInLeft&quot;}\" data-widget_type=\"heading.default\">\n\t\t\t\t<div class=\"elementor-widget-container\">\n\t\t\t\t\t<h4 class=\"elementor-heading-title elementor-size-default\"><p style=\"margin-bottom: 0.0001pt;line-height: normal;background-image: initial;background-position: initial;background-size: initial;background-repeat: initial;background-attachment: initial\"><font face=\"Arial, sans-serif\"><span style=\"font-size: 16px\"><b>\u0130n\u015faat &amp; Taahh\u00fct<\/b><\/span><\/font><span style=\"font-size: 1.71429rem;font-weight: normal\"><\/span><br><\/p><\/h4>\t\t\t\t<\/div>\n\t\t\t\t<\/div>\n\t\t\t\t<div class=\"elementor-element elementor-element-3e9184c elementor-widget elementor-widget-text-editor\" data-id=\"3e9184c\" data-element_type=\"widget\" data-e-type=\"widget\" data-widget_type=\"text-editor.default\">\n\t\t\t\t<div class=\"elementor-widget-container\">\n\t\t\t\t\t\t\t\t\t<p>FYD Yap\u0131 olarak\u00a0<\/p>\t\t\t\t\t\t\t\t<\/div>\n\t\t\t\t<\/div>\n\t\t\t\t\t<\/div>\n\t\t<\/div>\n\t\t\t\t\t<\/div>\n\t\t<\/section>\n\t\t\t\t<\/div>\n\t\t","protected":false},"excerpt":{"rendered":"<p>Yap\u0131 Malzemeleri FYD Yap\u0131 olarak ;\u00a0in\u015faat sekt\u00f6r\u00fcn\u00fcn global marka de\u011ferindeki firma \u00fcr\u00fcnlerini, m\u00fc\u015fterilerimizin arzu ve beklentilerine hassasiyetle cevap vererek geni\u015f \u00fcr\u00fcn \u00e7e\u015fitlili\u011fimizle\u00a0 eksiklerinizi kar\u015f\u0131lamaktay\u0131z. Bu konuda m\u00fc\u015fterilerimizin memnuniyeti ve sat\u0131\u015f sonras\u0131 destekleriyle sonu\u00e7land\u0131rmak asli g\u00f6revimizdir. \u00a0 Sat\u0131\u015f\u0131n\u0131 Yapt\u0131\u011f\u0131m\u0131z Markalar \u0130n\u015faat &amp; Taahh\u00fct FYD Yap\u0131 olarak\u00a0<\/p>\n","protected":false},"author":1,"featured_media":0,"parent":0,"menu_order":0,"comment_status":"closed","ping_status":"closed","template":"elementor_header_footer","meta":{"footnotes":""},"class_list":["post-2679","page","type-page","status-publish","hentry","post"],"yoast_head":"<!-- This site is optimized with the Yoast SEO plugin v27.5 - https:\/\/yoast.com\/product\/yoast-seo-wordpress\/ -->\n<title>Hizmetlerimiz - FYD YAPI GRUP \u0130N\u015eAAT<\/title>\n<meta name=\"robots\" content=\"index, follow, max-snippet:-1, max-image-preview:large, max-video-preview:-1\" \/>\n<link rel=\"canonical\" href=\"https:\/\/fydyapi.com\/index.php\/hizmetlerimiz-2\/\" \/>\n<meta property=\"og:locale\" content=\"tr_TR\" \/>\n<meta property=\"og:type\" content=\"article\" \/>\n<meta property=\"og:title\" content=\"Hizmetlerimiz - FYD YAPI GRUP \u0130N\u015eAAT\" \/>\n<meta property=\"og:description\" content=\"Yap\u0131 Malzemeleri FYD Yap\u0131 olarak ;\u00a0in\u015faat sekt\u00f6r\u00fcn\u00fcn global marka de\u011ferindeki firma \u00fcr\u00fcnlerini, m\u00fc\u015fterilerimizin arzu ve beklentilerine hassasiyetle cevap vererek geni\u015f \u00fcr\u00fcn \u00e7e\u015fitlili\u011fimizle\u00a0 eksiklerinizi kar\u015f\u0131lamaktay\u0131z. Bu konuda m\u00fc\u015fterilerimizin memnuniyeti ve sat\u0131\u015f sonras\u0131 destekleriyle sonu\u00e7land\u0131rmak asli g\u00f6revimizdir. \u00a0 Sat\u0131\u015f\u0131n\u0131 Yapt\u0131\u011f\u0131m\u0131z Markalar \u0130n\u015faat &amp; Taahh\u00fct FYD Yap\u0131 olarak\u00a0\" \/>\n<meta property=\"og:url\" content=\"https:\/\/fydyapi.com\/index.php\/hizmetlerimiz-2\/\" \/>\n<meta property=\"og:site_name\" content=\"FYD YAPI GRUP \u0130N\u015eAAT\" \/>\n<meta property=\"article:modified_time\" content=\"2021-08-31T09:26:46+00:00\" \/>\n<meta name=\"twitter:card\" content=\"summary_large_image\" \/>\n<script type=\"application\/ld+json\" class=\"yoast-schema-graph\">{\"@context\":\"https:\\\/\\\/schema.org\",\"@graph\":[{\"@type\":\"WebPage\",\"@id\":\"https:\\\/\\\/fydyapi.com\\\/index.php\\\/hizmetlerimiz-2\\\/\",\"url\":\"https:\\\/\\\/fydyapi.com\\\/index.php\\\/hizmetlerimiz-2\\\/\",\"name\":\"Hizmetlerimiz - FYD YAPI GRUP \u0130N\u015eAAT\",\"isPartOf\":{\"@id\":\"https:\\\/\\\/fydyapi.com\\\/#website\"},\"datePublished\":\"2021-03-22T20:55:07+00:00\",\"dateModified\":\"2021-08-31T09:26:46+00:00\",\"breadcrumb\":{\"@id\":\"https:\\\/\\\/fydyapi.com\\\/index.php\\\/hizmetlerimiz-2\\\/#breadcrumb\"},\"inLanguage\":\"tr\",\"potentialAction\":[{\"@type\":\"ReadAction\",\"target\":[\"https:\\\/\\\/fydyapi.com\\\/index.php\\\/hizmetlerimiz-2\\\/\"]}]},{\"@type\":\"BreadcrumbList\",\"@id\":\"https:\\\/\\\/fydyapi.com\\\/index.php\\\/hizmetlerimiz-2\\\/#breadcrumb\",\"itemListElement\":[{\"@type\":\"ListItem\",\"position\":1,\"name\":\"Anasayfa\",\"item\":\"https:\\\/\\\/fydyapi.com\\\/\"},{\"@type\":\"ListItem\",\"position\":2,\"name\":\"Hizmetlerimiz\"}]},{\"@type\":\"WebSite\",\"@id\":\"https:\\\/\\\/fydyapi.com\\\/#website\",\"url\":\"https:\\\/\\\/fydyapi.com\\\/\",\"name\":\"FYD YAPI GRUP \u0130N\u015eAAT\",\"description\":\"FYD Yap\u0131 Grup \u0130n\u015faat\",\"publisher\":{\"@id\":\"https:\\\/\\\/fydyapi.com\\\/#organization\"},\"potentialAction\":[{\"@type\":\"SearchAction\",\"target\":{\"@type\":\"EntryPoint\",\"urlTemplate\":\"https:\\\/\\\/fydyapi.com\\\/?s={search_term_string}\"},\"query-input\":{\"@type\":\"PropertyValueSpecification\",\"valueRequired\":true,\"valueName\":\"search_term_string\"}}],\"inLanguage\":\"tr\"},{\"@type\":\"Organization\",\"@id\":\"https:\\\/\\\/fydyapi.com\\\/#organization\",\"name\":\"FYD YAPI GRUP \u0130N\u015eAAT\",\"url\":\"https:\\\/\\\/fydyapi.com\\\/\",\"logo\":{\"@type\":\"ImageObject\",\"inLanguage\":\"tr\",\"@id\":\"https:\\\/\\\/fydyapi.com\\\/#\\\/schema\\\/logo\\\/image\\\/\",\"url\":\"https:\\\/\\\/fydyapi.com\\\/wp-content\\\/uploads\\\/2021\\\/02\\\/cropped-cropped-cropped-png-site-1-e1630398538716.png\",\"contentUrl\":\"https:\\\/\\\/fydyapi.com\\\/wp-content\\\/uploads\\\/2021\\\/02\\\/cropped-cropped-cropped-png-site-1-e1630398538716.png\",\"width\":400,\"height\":307,\"caption\":\"FYD YAPI GRUP \u0130N\u015eAAT\"},\"image\":{\"@id\":\"https:\\\/\\\/fydyapi.com\\\/#\\\/schema\\\/logo\\\/image\\\/\"}}]}<\/script>\n<!-- \/ Yoast SEO plugin. -->","yoast_head_json":{"title":"Hizmetlerimiz - FYD YAPI GRUP \u0130N\u015eAAT","robots":{"index":"index","follow":"follow","max-snippet":"max-snippet:-1","max-image-preview":"max-image-preview:large","max-video-preview":"max-video-preview:-1"},"canonical":"https:\/\/fydyapi.com\/index.php\/hizmetlerimiz-2\/","og_locale":"tr_TR","og_type":"article","og_title":"Hizmetlerimiz - FYD YAPI GRUP \u0130N\u015eAAT","og_description":"Yap\u0131 Malzemeleri FYD Yap\u0131 olarak ;\u00a0in\u015faat sekt\u00f6r\u00fcn\u00fcn global marka de\u011ferindeki firma \u00fcr\u00fcnlerini, m\u00fc\u015fterilerimizin arzu ve beklentilerine hassasiyetle cevap vererek geni\u015f \u00fcr\u00fcn \u00e7e\u015fitlili\u011fimizle\u00a0 eksiklerinizi kar\u015f\u0131lamaktay\u0131z. Bu konuda m\u00fc\u015fterilerimizin memnuniyeti ve sat\u0131\u015f sonras\u0131 destekleriyle sonu\u00e7land\u0131rmak asli g\u00f6revimizdir. \u00a0 Sat\u0131\u015f\u0131n\u0131 Yapt\u0131\u011f\u0131m\u0131z Markalar \u0130n\u015faat &amp; Taahh\u00fct FYD Yap\u0131 olarak\u00a0","og_url":"https:\/\/fydyapi.com\/index.php\/hizmetlerimiz-2\/","og_site_name":"FYD YAPI GRUP \u0130N\u015eAAT","article_modified_time":"2021-08-31T09:26:46+00:00","twitter_card":"summary_large_image","schema":{"@context":"https:\/\/schema.org","@graph":[{"@type":"WebPage","@id":"https:\/\/fydyapi.com\/index.php\/hizmetlerimiz-2\/","url":"https:\/\/fydyapi.com\/index.php\/hizmetlerimiz-2\/","name":"Hizmetlerimiz - FYD YAPI GRUP \u0130N\u015eAAT","isPartOf":{"@id":"https:\/\/fydyapi.com\/#website"},"datePublished":"2021-03-22T20:55:07+00:00","dateModified":"2021-08-31T09:26:46+00:00","breadcrumb":{"@id":"https:\/\/fydyapi.com\/index.php\/hizmetlerimiz-2\/#breadcrumb"},"inLanguage":"tr","potentialAction":[{"@type":"ReadAction","target":["https:\/\/fydyapi.com\/index.php\/hizmetlerimiz-2\/"]}]},{"@type":"BreadcrumbList","@id":"https:\/\/fydyapi.com\/index.php\/hizmetlerimiz-2\/#breadcrumb","itemListElement":[{"@type":"ListItem","position":1,"name":"Anasayfa","item":"https:\/\/fydyapi.com\/"},{"@type":"ListItem","position":2,"name":"Hizmetlerimiz"}]},{"@type":"WebSite","@id":"https:\/\/fydyapi.com\/#website","url":"https:\/\/fydyapi.com\/","name":"FYD YAPI GRUP \u0130N\u015eAAT","description":"FYD Yap\u0131 Grup \u0130n\u015faat","publisher":{"@id":"https:\/\/fydyapi.com\/#organization"},"potentialAction":[{"@type":"SearchAction","target":{"@type":"EntryPoint","urlTemplate":"https:\/\/fydyapi.com\/?s={search_term_string}"},"query-input":{"@type":"PropertyValueSpecification","valueRequired":true,"valueName":"search_term_string"}}],"inLanguage":"tr"},{"@type":"Organization","@id":"https:\/\/fydyapi.com\/#organization","name":"FYD YAPI GRUP \u0130N\u015eAAT","url":"https:\/\/fydyapi.com\/","logo":{"@type":"ImageObject","inLanguage":"tr","@id":"https:\/\/fydyapi.com\/#\/schema\/logo\/image\/","url":"https:\/\/fydyapi.com\/wp-content\/uploads\/2021\/02\/cropped-cropped-cropped-png-site-1-e1630398538716.png","contentUrl":"https:\/\/fydyapi.com\/wp-content\/uploads\/2021\/02\/cropped-cropped-cropped-png-site-1-e1630398538716.png","width":400,"height":307,"caption":"FYD YAPI GRUP \u0130N\u015eAAT"},"image":{"@id":"https:\/\/fydyapi.com\/#\/schema\/logo\/image\/"}}]}},"_links":{"self":[{"href":"https:\/\/fydyapi.com\/index.php\/wp-json\/wp\/v2\/pages\/2679","targetHints":{"allow":["GET"]}}],"collection":[{"href":"https:\/\/fydyapi.com\/index.php\/wp-json\/wp\/v2\/pages"}],"about":[{"href":"https:\/\/fydyapi.com\/index.php\/wp-json\/wp\/v2\/types\/page"}],"author":[{"embeddable":true,"href":"https:\/\/fydyapi.com\/index.php\/wp-json\/wp\/v2\/users\/1"}],"replies":[{"embeddable":true,"href":"https:\/\/fydyapi.com\/index.php\/wp-json\/wp\/v2\/comments?post=2679"}],"version-history":[{"count":54,"href":"https:\/\/fydyapi.com\/index.php\/wp-json\/wp\/v2\/pages\/2679\/revisions"}],"predecessor-version":[{"id":3618,"href":"https:\/\/fydyapi.com\/index.php\/wp-json\/wp\/v2\/pages\/2679\/revisions\/3618"}],"wp:attachment":[{"href":"https:\/\/fydyapi.com\/index.php\/wp-json\/wp\/v2\/media?parent=2679"}],"curies":[{"name":"wp","href":"https:\/\/api.w.org\/{rel}","templated":true}]}}