{"id":2737,"date":"2021-03-22T21:48:51","date_gmt":"2021-03-22T21:48:51","guid":{"rendered":"https:\/\/fydyapi.com\/?page_id=2737"},"modified":"2021-08-31T09:28:29","modified_gmt":"2021-08-31T09:28:29","slug":"tadilat-insaat-ankara","status":"publish","type":"page","link":"https:\/\/fydyapi.com\/index.php\/hizmetlerimiz-2\/tadilat-insaat-ankara\/","title":{"rendered":"Tadilat"},"content":{"rendered":"\t\t<div data-elementor-type=\"wp-page\" data-elementor-id=\"2737\" class=\"elementor elementor-2737\">\n\t\t\t\t\t\t<section class=\"elementor-section elementor-top-section elementor-element elementor-element-d36883a elementor-section-content-middle elementor-section-boxed elementor-section-height-default elementor-section-height-default\" data-id=\"d36883a\" data-element_type=\"section\" data-e-type=\"section\" data-settings=\"{&quot;background_background&quot;:&quot;gradient&quot;}\">\n\t\t\t\t\t\t<div class=\"elementor-container elementor-column-gap-no\">\n\t\t\t\t\t<div class=\"elementor-column elementor-col-50 elementor-top-column elementor-element elementor-element-83de80b\" data-id=\"83de80b\" data-element_type=\"column\" data-e-type=\"column\">\n\t\t\t<div class=\"elementor-widget-wrap elementor-element-populated\">\n\t\t\t\t\t\t<div class=\"elementor-element elementor-element-6cfd647 elementor-invisible elementor-widget elementor-widget-image\" data-id=\"6cfd647\" data-element_type=\"widget\" data-e-type=\"widget\" data-settings=\"{&quot;_animation&quot;:&quot;fadeInLeft&quot;}\" data-widget_type=\"image.default\">\n\t\t\t\t<div class=\"elementor-widget-container\">\n\t\t\t\t\t\t\t\t\t\t\t\t\t\t\t<img fetchpriority=\"high\" decoding=\"async\" width=\"512\" height=\"456\" src=\"https:\/\/fydyapi.com\/wp-content\/uploads\/2021\/03\/ankara-insaat-tadilat-dekorasyon-firmalari.png\" class=\"attachment-full size-full wp-image-2752\" alt=\"ankara in\u015faat tadilat\" srcset=\"https:\/\/fydyapi.com\/wp-content\/uploads\/2021\/03\/ankara-insaat-tadilat-dekorasyon-firmalari.png 512w, https:\/\/fydyapi.com\/wp-content\/uploads\/2021\/03\/ankara-insaat-tadilat-dekorasyon-firmalari-300x267.png 300w\" sizes=\"(max-width: 512px) 100vw, 512px\" \/>\t\t\t\t\t\t\t\t\t\t\t\t\t\t\t<\/div>\n\t\t\t\t<\/div>\n\t\t\t\t\t<\/div>\n\t\t<\/div>\n\t\t\t\t<div class=\"elementor-column elementor-col-50 elementor-top-column elementor-element elementor-element-0cb679c\" data-id=\"0cb679c\" data-element_type=\"column\" data-e-type=\"column\">\n\t\t\t<div class=\"elementor-widget-wrap elementor-element-populated\">\n\t\t\t\t\t\t<div class=\"elementor-element elementor-element-8a43b8b elementor-widget-divider--view-line elementor-widget elementor-widget-divider\" data-id=\"8a43b8b\" data-element_type=\"widget\" data-e-type=\"widget\" data-widget_type=\"divider.default\">\n\t\t\t\t<div class=\"elementor-widget-container\">\n\t\t\t\t\t\t\t<div class=\"elementor-divider\">\n\t\t\t<span class=\"elementor-divider-separator\">\n\t\t\t\t\t\t<\/span>\n\t\t<\/div>\n\t\t\t\t\t\t<\/div>\n\t\t\t\t<\/div>\n\t\t\t\t\t<\/div>\n\t\t<\/div>\n\t\t\t\t\t<\/div>\n\t\t<\/section>\n\t\t\t\t<\/div>\n\t\t","protected":false},"excerpt":{"rendered":"","protected":false},"author":1,"featured_media":0,"parent":2679,"menu_order":0,"comment_status":"closed","ping_status":"closed","template":"elementor_header_footer","meta":{"footnotes":""},"class_list":["post-2737","page","type-page","status-publish","hentry","post"],"yoast_head":"<!-- This site is optimized with the Yoast SEO plugin v27.5 - https:\/\/yoast.com\/product\/yoast-seo-wordpress\/ -->\n<title>Tadilat - FYD YAPI GRUP \u0130N\u015eAAT<\/title>\n<meta name=\"robots\" content=\"index, follow, max-snippet:-1, max-image-preview:large, max-video-preview:-1\" \/>\n<link rel=\"canonical\" href=\"https:\/\/fydyapi.com\/index.php\/hizmetlerimiz-2\/tadilat-insaat-ankara\/\" \/>\n<meta property=\"og:locale\" content=\"tr_TR\" \/>\n<meta property=\"og:type\" content=\"article\" \/>\n<meta property=\"og:title\" content=\"Tadilat - FYD YAPI GRUP \u0130N\u015eAAT\" \/>\n<meta property=\"og:url\" content=\"https:\/\/fydyapi.com\/index.php\/hizmetlerimiz-2\/tadilat-insaat-ankara\/\" \/>\n<meta property=\"og:site_name\" content=\"FYD YAPI GRUP \u0130N\u015eAAT\" \/>\n<meta property=\"article:modified_time\" content=\"2021-08-31T09:28:29+00:00\" \/>\n<meta property=\"og:image\" content=\"http:\/\/fydyapi.com\/wp-content\/uploads\/2021\/03\/ankara-insaat-tadilat-dekorasyon-firmalari.png\" \/>\n<meta name=\"twitter:card\" content=\"summary_large_image\" \/>\n<script type=\"application\/ld+json\" class=\"yoast-schema-graph\">{\"@context\":\"https:\\\/\\\/schema.org\",\"@graph\":[{\"@type\":\"WebPage\",\"@id\":\"https:\\\/\\\/fydyapi.com\\\/index.php\\\/hizmetlerimiz-2\\\/tadilat-insaat-ankara\\\/\",\"url\":\"https:\\\/\\\/fydyapi.com\\\/index.php\\\/hizmetlerimiz-2\\\/tadilat-insaat-ankara\\\/\",\"name\":\"Tadilat - FYD YAPI GRUP \u0130N\u015eAAT\",\"isPartOf\":{\"@id\":\"https:\\\/\\\/fydyapi.com\\\/#website\"},\"primaryImageOfPage\":{\"@id\":\"https:\\\/\\\/fydyapi.com\\\/index.php\\\/hizmetlerimiz-2\\\/tadilat-insaat-ankara\\\/#primaryimage\"},\"image\":{\"@id\":\"https:\\\/\\\/fydyapi.com\\\/index.php\\\/hizmetlerimiz-2\\\/tadilat-insaat-ankara\\\/#primaryimage\"},\"thumbnailUrl\":\"http:\\\/\\\/fydyapi.com\\\/wp-content\\\/uploads\\\/2021\\\/03\\\/ankara-insaat-tadilat-dekorasyon-firmalari.png\",\"datePublished\":\"2021-03-22T21:48:51+00:00\",\"dateModified\":\"2021-08-31T09:28:29+00:00\",\"breadcrumb\":{\"@id\":\"https:\\\/\\\/fydyapi.com\\\/index.php\\\/hizmetlerimiz-2\\\/tadilat-insaat-ankara\\\/#breadcrumb\"},\"inLanguage\":\"tr\",\"potentialAction\":[{\"@type\":\"ReadAction\",\"target\":[\"https:\\\/\\\/fydyapi.com\\\/index.php\\\/hizmetlerimiz-2\\\/tadilat-insaat-ankara\\\/\"]}]},{\"@type\":\"ImageObject\",\"inLanguage\":\"tr\",\"@id\":\"https:\\\/\\\/fydyapi.com\\\/index.php\\\/hizmetlerimiz-2\\\/tadilat-insaat-ankara\\\/#primaryimage\",\"url\":\"https:\\\/\\\/fydyapi.com\\\/wp-content\\\/uploads\\\/2021\\\/03\\\/ankara-insaat-tadilat-dekorasyon-firmalari.png\",\"contentUrl\":\"https:\\\/\\\/fydyapi.com\\\/wp-content\\\/uploads\\\/2021\\\/03\\\/ankara-insaat-tadilat-dekorasyon-firmalari.png\",\"width\":512,\"height\":456,\"caption\":\"ankara in\u015faat tadilat\"},{\"@type\":\"BreadcrumbList\",\"@id\":\"https:\\\/\\\/fydyapi.com\\\/index.php\\\/hizmetlerimiz-2\\\/tadilat-insaat-ankara\\\/#breadcrumb\",\"itemListElement\":[{\"@type\":\"ListItem\",\"position\":1,\"name\":\"Anasayfa\",\"item\":\"https:\\\/\\\/fydyapi.com\\\/\"},{\"@type\":\"ListItem\",\"position\":2,\"name\":\"Hizmetlerimiz\",\"item\":\"https:\\\/\\\/fydyapi.com\\\/index.php\\\/hizmetlerimiz-2\\\/\"},{\"@type\":\"ListItem\",\"position\":3,\"name\":\"Tadilat\"}]},{\"@type\":\"WebSite\",\"@id\":\"https:\\\/\\\/fydyapi.com\\\/#website\",\"url\":\"https:\\\/\\\/fydyapi.com\\\/\",\"name\":\"FYD YAPI GRUP \u0130N\u015eAAT\",\"description\":\"FYD Yap\u0131 Grup \u0130n\u015faat\",\"publisher\":{\"@id\":\"https:\\\/\\\/fydyapi.com\\\/#organization\"},\"potentialAction\":[{\"@type\":\"SearchAction\",\"target\":{\"@type\":\"EntryPoint\",\"urlTemplate\":\"https:\\\/\\\/fydyapi.com\\\/?s={search_term_string}\"},\"query-input\":{\"@type\":\"PropertyValueSpecification\",\"valueRequired\":true,\"valueName\":\"search_term_string\"}}],\"inLanguage\":\"tr\"},{\"@type\":\"Organization\",\"@id\":\"https:\\\/\\\/fydyapi.com\\\/#organization\",\"name\":\"FYD YAPI GRUP \u0130N\u015eAAT\",\"url\":\"https:\\\/\\\/fydyapi.com\\\/\",\"logo\":{\"@type\":\"ImageObject\",\"inLanguage\":\"tr\",\"@id\":\"https:\\\/\\\/fydyapi.com\\\/#\\\/schema\\\/logo\\\/image\\\/\",\"url\":\"https:\\\/\\\/fydyapi.com\\\/wp-content\\\/uploads\\\/2021\\\/02\\\/cropped-cropped-cropped-png-site-1-e1630398538716.png\",\"contentUrl\":\"https:\\\/\\\/fydyapi.com\\\/wp-content\\\/uploads\\\/2021\\\/02\\\/cropped-cropped-cropped-png-site-1-e1630398538716.png\",\"width\":400,\"height\":307,\"caption\":\"FYD YAPI GRUP \u0130N\u015eAAT\"},\"image\":{\"@id\":\"https:\\\/\\\/fydyapi.com\\\/#\\\/schema\\\/logo\\\/image\\\/\"}}]}<\/script>\n<!-- \/ Yoast SEO plugin. -->","yoast_head_json":{"title":"Tadilat - FYD YAPI GRUP \u0130N\u015eAAT","robots":{"index":"index","follow":"follow","max-snippet":"max-snippet:-1","max-image-preview":"max-image-preview:large","max-video-preview":"max-video-preview:-1"},"canonical":"https:\/\/fydyapi.com\/index.php\/hizmetlerimiz-2\/tadilat-insaat-ankara\/","og_locale":"tr_TR","og_type":"article","og_title":"Tadilat - FYD YAPI GRUP \u0130N\u015eAAT","og_url":"https:\/\/fydyapi.com\/index.php\/hizmetlerimiz-2\/tadilat-insaat-ankara\/","og_site_name":"FYD YAPI GRUP \u0130N\u015eAAT","article_modified_time":"2021-08-31T09:28:29+00:00","og_image":[{"url":"http:\/\/fydyapi.com\/wp-content\/uploads\/2021\/03\/ankara-insaat-tadilat-dekorasyon-firmalari.png","type":"","width":"","height":""}],"twitter_card":"summary_large_image","schema":{"@context":"https:\/\/schema.org","@graph":[{"@type":"WebPage","@id":"https:\/\/fydyapi.com\/index.php\/hizmetlerimiz-2\/tadilat-insaat-ankara\/","url":"https:\/\/fydyapi.com\/index.php\/hizmetlerimiz-2\/tadilat-insaat-ankara\/","name":"Tadilat - FYD YAPI GRUP \u0130N\u015eAAT","isPartOf":{"@id":"https:\/\/fydyapi.com\/#website"},"primaryImageOfPage":{"@id":"https:\/\/fydyapi.com\/index.php\/hizmetlerimiz-2\/tadilat-insaat-ankara\/#primaryimage"},"image":{"@id":"https:\/\/fydyapi.com\/index.php\/hizmetlerimiz-2\/tadilat-insaat-ankara\/#primaryimage"},"thumbnailUrl":"http:\/\/fydyapi.com\/wp-content\/uploads\/2021\/03\/ankara-insaat-tadilat-dekorasyon-firmalari.png","datePublished":"2021-03-22T21:48:51+00:00","dateModified":"2021-08-31T09:28:29+00:00","breadcrumb":{"@id":"https:\/\/fydyapi.com\/index.php\/hizmetlerimiz-2\/tadilat-insaat-ankara\/#breadcrumb"},"inLanguage":"tr","potentialAction":[{"@type":"ReadAction","target":["https:\/\/fydyapi.com\/index.php\/hizmetlerimiz-2\/tadilat-insaat-ankara\/"]}]},{"@type":"ImageObject","inLanguage":"tr","@id":"https:\/\/fydyapi.com\/index.php\/hizmetlerimiz-2\/tadilat-insaat-ankara\/#primaryimage","url":"https:\/\/fydyapi.com\/wp-content\/uploads\/2021\/03\/ankara-insaat-tadilat-dekorasyon-firmalari.png","contentUrl":"https:\/\/fydyapi.com\/wp-content\/uploads\/2021\/03\/ankara-insaat-tadilat-dekorasyon-firmalari.png","width":512,"height":456,"caption":"ankara in\u015faat tadilat"},{"@type":"BreadcrumbList","@id":"https:\/\/fydyapi.com\/index.php\/hizmetlerimiz-2\/tadilat-insaat-ankara\/#breadcrumb","itemListElement":[{"@type":"ListItem","position":1,"name":"Anasayfa","item":"https:\/\/fydyapi.com\/"},{"@type":"ListItem","position":2,"name":"Hizmetlerimiz","item":"https:\/\/fydyapi.com\/index.php\/hizmetlerimiz-2\/"},{"@type":"ListItem","position":3,"name":"Tadilat"}]},{"@type":"WebSite","@id":"https:\/\/fydyapi.com\/#website","url":"https:\/\/fydyapi.com\/","name":"FYD YAPI GRUP \u0130N\u015eAAT","description":"FYD Yap\u0131 Grup \u0130n\u015faat","publisher":{"@id":"https:\/\/fydyapi.com\/#organization"},"potentialAction":[{"@type":"SearchAction","target":{"@type":"EntryPoint","urlTemplate":"https:\/\/fydyapi.com\/?s={search_term_string}"},"query-input":{"@type":"PropertyValueSpecification","valueRequired":true,"valueName":"search_term_string"}}],"inLanguage":"tr"},{"@type":"Organization","@id":"https:\/\/fydyapi.com\/#organization","name":"FYD YAPI GRUP \u0130N\u015eAAT","url":"https:\/\/fydyapi.com\/","logo":{"@type":"ImageObject","inLanguage":"tr","@id":"https:\/\/fydyapi.com\/#\/schema\/logo\/image\/","url":"https:\/\/fydyapi.com\/wp-content\/uploads\/2021\/02\/cropped-cropped-cropped-png-site-1-e1630398538716.png","contentUrl":"https:\/\/fydyapi.com\/wp-content\/uploads\/2021\/02\/cropped-cropped-cropped-png-site-1-e1630398538716.png","width":400,"height":307,"caption":"FYD YAPI GRUP \u0130N\u015eAAT"},"image":{"@id":"https:\/\/fydyapi.com\/#\/schema\/logo\/image\/"}}]}},"_links":{"self":[{"href":"https:\/\/fydyapi.com\/index.php\/wp-json\/wp\/v2\/pages\/2737","targetHints":{"allow":["GET"]}}],"collection":[{"href":"https:\/\/fydyapi.com\/index.php\/wp-json\/wp\/v2\/pages"}],"about":[{"href":"https:\/\/fydyapi.com\/index.php\/wp-json\/wp\/v2\/types\/page"}],"author":[{"embeddable":true,"href":"https:\/\/fydyapi.com\/index.php\/wp-json\/wp\/v2\/users\/1"}],"replies":[{"embeddable":true,"href":"https:\/\/fydyapi.com\/index.php\/wp-json\/wp\/v2\/comments?post=2737"}],"version-history":[{"count":17,"href":"https:\/\/fydyapi.com\/index.php\/wp-json\/wp\/v2\/pages\/2737\/revisions"}],"predecessor-version":[{"id":3630,"href":"https:\/\/fydyapi.com\/index.php\/wp-json\/wp\/v2\/pages\/2737\/revisions\/3630"}],"up":[{"embeddable":true,"href":"https:\/\/fydyapi.com\/index.php\/wp-json\/wp\/v2\/pages\/2679"}],"wp:attachment":[{"href":"https:\/\/fydyapi.com\/index.php\/wp-json\/wp\/v2\/media?parent=2737"}],"curies":[{"name":"wp","href":"https:\/\/api.w.org\/{rel}","templated":true}]}}