{"id":2776,"date":"2021-04-03T08:27:35","date_gmt":"2021-04-03T08:27:35","guid":{"rendered":"https:\/\/fydyapi.com\/?page_id=2776"},"modified":"2021-08-31T09:31:08","modified_gmt":"2021-08-31T09:31:08","slug":"ytong-ankara","status":"publish","type":"page","link":"https:\/\/fydyapi.com\/index.php\/ytong-ankara\/","title":{"rendered":"Ytong"},"content":{"rendered":"\t\t<div data-elementor-type=\"wp-page\" data-elementor-id=\"2776\" class=\"elementor elementor-2776\">\n\t\t\t\t\t\t<section class=\"elementor-section elementor-top-section elementor-element elementor-element-1ed19ff elementor-section-content-middle elementor-section-boxed elementor-section-height-default elementor-section-height-default\" data-id=\"1ed19ff\" data-element_type=\"section\" data-e-type=\"section\" data-settings=\"{&quot;background_background&quot;:&quot;gradient&quot;}\">\n\t\t\t\t\t\t<div class=\"elementor-container elementor-column-gap-no\">\n\t\t\t\t\t<div class=\"elementor-column elementor-col-50 elementor-top-column elementor-element elementor-element-129a438\" data-id=\"129a438\" data-element_type=\"column\" data-e-type=\"column\">\n\t\t\t<div class=\"elementor-widget-wrap elementor-element-populated\">\n\t\t\t\t\t\t<div class=\"elementor-element elementor-element-3bc9dc6 elementor-invisible elementor-widget elementor-widget-image\" data-id=\"3bc9dc6\" data-element_type=\"widget\" data-e-type=\"widget\" data-settings=\"{&quot;_animation&quot;:&quot;fadeInLeft&quot;}\" data-widget_type=\"image.default\">\n\t\t\t\t<div class=\"elementor-widget-container\">\n\t\t\t\t\t\t\t\t\t\t\t\t\t\t\t<img fetchpriority=\"high\" decoding=\"async\" width=\"1182\" height=\"1182\" src=\"https:\/\/fydyapi.com\/wp-content\/uploads\/2021\/03\/ytong-ankara-bayisi-bayi-bayileri.jpg\" class=\"attachment-full size-full wp-image-2250\" alt=\"\" srcset=\"https:\/\/fydyapi.com\/wp-content\/uploads\/2021\/03\/ytong-ankara-bayisi-bayi-bayileri.jpg 1182w, https:\/\/fydyapi.com\/wp-content\/uploads\/2021\/03\/ytong-ankara-bayisi-bayi-bayileri-300x300.jpg 300w, https:\/\/fydyapi.com\/wp-content\/uploads\/2021\/03\/ytong-ankara-bayisi-bayi-bayileri-1024x1024.jpg 1024w, https:\/\/fydyapi.com\/wp-content\/uploads\/2021\/03\/ytong-ankara-bayisi-bayi-bayileri-150x150.jpg 150w, https:\/\/fydyapi.com\/wp-content\/uploads\/2021\/03\/ytong-ankara-bayisi-bayi-bayileri-768x768.jpg 768w\" sizes=\"(max-width: 1182px) 100vw, 1182px\" \/>\t\t\t\t\t\t\t\t\t\t\t\t\t\t\t<\/div>\n\t\t\t\t<\/div>\n\t\t\t\t\t<\/div>\n\t\t<\/div>\n\t\t\t\t<div class=\"elementor-column elementor-col-50 elementor-top-column elementor-element elementor-element-c36297d\" data-id=\"c36297d\" data-element_type=\"column\" data-e-type=\"column\">\n\t\t\t<div class=\"elementor-widget-wrap elementor-element-populated\">\n\t\t\t\t\t\t<div class=\"elementor-element elementor-element-f85d480 elementor-widget elementor-widget-heading\" data-id=\"f85d480\" data-element_type=\"widget\" data-e-type=\"widget\" data-widget_type=\"heading.default\">\n\t\t\t\t<div class=\"elementor-widget-container\">\n\t\t\t\t\t<h4 class=\"elementor-heading-title elementor-size-default\">Ytong \u00dcr\u00fcnleri<\/h4>\t\t\t\t<\/div>\n\t\t\t\t<\/div>\n\t\t\t\t<div class=\"elementor-element elementor-element-a8be952 elementor-widget-divider--view-line elementor-widget elementor-widget-divider\" data-id=\"a8be952\" data-element_type=\"widget\" data-e-type=\"widget\" data-widget_type=\"divider.default\">\n\t\t\t\t<div class=\"elementor-widget-container\">\n\t\t\t\t\t\t\t<div class=\"elementor-divider\">\n\t\t\t<span class=\"elementor-divider-separator\">\n\t\t\t\t\t\t<\/span>\n\t\t<\/div>\n\t\t\t\t\t\t<\/div>\n\t\t\t\t<\/div>\n\t\t\t\t<div class=\"elementor-element elementor-element-5d3ed01 elementor-widget elementor-widget-text-editor\" data-id=\"5d3ed01\" data-element_type=\"widget\" data-e-type=\"widget\" data-widget_type=\"text-editor.default\">\n\t\t\t\t<div class=\"elementor-widget-container\">\n\t\t\t\t\t\t\t\t\t<p><span style=\"font-size: 14px; font-style: normal; font-weight: 400; white-space: pre-wrap;\">2012 y\u0131l\u0131nda kurulan <\/span><span style=\"font-size: 14px; font-style: normal; font-weight: bold; white-space: pre-wrap;\">FYD Yap\u0131 Grup Ltd. \u015eti.<\/span><span style=\"font-size: 14px; font-style: normal; font-weight: 400; white-space: pre-wrap;\"> T\u00fcrkiye genelinde toptan in\u015faat malzemeleri ve taah\u00fct i\u015fleri yapmaktad\u0131r. Kendimizi s\u00fcrekli geli\u015ftirerek, profesyonel kadromuz ile hizmet vermeyi, yapt\u0131\u011f\u0131m\u0131z i\u015flerde kaliteden \u00f6d\u00fcn vermeden d\u00fcnya standartlar\u0131n\u0131 yakalamaya \u00e7al\u0131\u015ft\u0131k. FYD Yap\u0131 Grup olarak bu do\u011frultuda <\/span><span style=\"font-size: 14px; font-style: normal; font-weight: bold; white-space: pre-wrap;\">YTONG<\/span><span style=\"font-size: 14px; font-style: normal; font-weight: 400; white-space: pre-wrap;\"> \u00fcr\u00fcnlerini sizlere fiyat avantajlar\u0131 ve sat\u0131\u015f sonras\u0131 hizmetler ile sunmaya devam ediyoruz.<\/span><br><\/p>\n<p><span style=\"white-space: pre-wrap;\">Ytong Ev, Multipor, Ytong 0,09 Blok, Ytong Blok, Duvar Panelleri, \u00c7at\u0131 Pla\u011f\u0131, D\u00f6\u015feme Pla\u011f\u0131, Asmolen, Lento, S\u00f6ve, U Blok, \u00d6rg\u00fc Tutkal\u0131, El ve Montaj Aletleri, S\u0131valar<\/span><br><\/p>\t\t\t\t\t\t\t\t<\/div>\n\t\t\t\t<\/div>\n\t\t\t\t\t<\/div>\n\t\t<\/div>\n\t\t\t\t\t<\/div>\n\t\t<\/section>\n\t\t\t\t<\/div>\n\t\t","protected":false},"excerpt":{"rendered":"<p>Ytong \u00dcr\u00fcnleri 2012 y\u0131l\u0131nda kurulan FYD Yap\u0131 Grup Ltd. \u015eti. T\u00fcrkiye genelinde toptan in\u015faat malzemeleri ve taah\u00fct i\u015fleri yapmaktad\u0131r. Kendimizi s\u00fcrekli geli\u015ftirerek, profesyonel kadromuz ile hizmet vermeyi, yapt\u0131\u011f\u0131m\u0131z i\u015flerde kaliteden \u00f6d\u00fcn vermeden d\u00fcnya standartlar\u0131n\u0131 yakalamaya \u00e7al\u0131\u015ft\u0131k. FYD Yap\u0131 Grup olarak bu do\u011frultuda YTONG \u00fcr\u00fcnlerini sizlere fiyat avantajlar\u0131 ve sat\u0131\u015f sonras\u0131 hizmetler ile sunmaya devam ediyoruz. [&hellip;]<\/p>\n","protected":false},"author":1,"featured_media":0,"parent":0,"menu_order":0,"comment_status":"closed","ping_status":"closed","template":"elementor_header_footer","meta":{"footnotes":""},"class_list":["post-2776","page","type-page","status-publish","hentry","post"],"yoast_head":"<!-- This site is optimized with the Yoast SEO plugin v27.5 - https:\/\/yoast.com\/product\/yoast-seo-wordpress\/ -->\n<title>Ytong - FYD YAPI GRUP \u0130N\u015eAAT<\/title>\n<meta name=\"robots\" content=\"index, follow, max-snippet:-1, max-image-preview:large, max-video-preview:-1\" \/>\n<link rel=\"canonical\" href=\"https:\/\/fydyapi.com\/index.php\/ytong-ankara\/\" \/>\n<meta property=\"og:locale\" content=\"tr_TR\" \/>\n<meta property=\"og:type\" content=\"article\" \/>\n<meta property=\"og:title\" content=\"Ytong - FYD YAPI GRUP \u0130N\u015eAAT\" \/>\n<meta property=\"og:description\" content=\"Ytong \u00dcr\u00fcnleri 2012 y\u0131l\u0131nda kurulan FYD Yap\u0131 Grup Ltd. \u015eti. T\u00fcrkiye genelinde toptan in\u015faat malzemeleri ve taah\u00fct i\u015fleri yapmaktad\u0131r. Kendimizi s\u00fcrekli geli\u015ftirerek, profesyonel kadromuz ile hizmet vermeyi, yapt\u0131\u011f\u0131m\u0131z i\u015flerde kaliteden \u00f6d\u00fcn vermeden d\u00fcnya standartlar\u0131n\u0131 yakalamaya \u00e7al\u0131\u015ft\u0131k. FYD Yap\u0131 Grup olarak bu do\u011frultuda YTONG \u00fcr\u00fcnlerini sizlere fiyat avantajlar\u0131 ve sat\u0131\u015f sonras\u0131 hizmetler ile sunmaya devam ediyoruz. [&hellip;]\" \/>\n<meta property=\"og:url\" content=\"https:\/\/fydyapi.com\/index.php\/ytong-ankara\/\" \/>\n<meta property=\"og:site_name\" content=\"FYD YAPI GRUP \u0130N\u015eAAT\" \/>\n<meta property=\"article:modified_time\" content=\"2021-08-31T09:31:08+00:00\" \/>\n<meta property=\"og:image\" content=\"http:\/\/fydyapi.com\/wp-content\/uploads\/2021\/03\/ytong-ankara-bayisi-bayi-bayileri.jpg\" \/>\n<meta name=\"twitter:card\" content=\"summary_large_image\" \/>\n<meta name=\"twitter:label1\" content=\"Tahmini okuma s\u00fcresi\" \/>\n\t<meta name=\"twitter:data1\" content=\"1 dakika\" \/>\n<script type=\"application\/ld+json\" class=\"yoast-schema-graph\">{\"@context\":\"https:\\\/\\\/schema.org\",\"@graph\":[{\"@type\":\"WebPage\",\"@id\":\"https:\\\/\\\/fydyapi.com\\\/index.php\\\/ytong-ankara\\\/\",\"url\":\"https:\\\/\\\/fydyapi.com\\\/index.php\\\/ytong-ankara\\\/\",\"name\":\"Ytong - FYD YAPI GRUP \u0130N\u015eAAT\",\"isPartOf\":{\"@id\":\"https:\\\/\\\/fydyapi.com\\\/#website\"},\"primaryImageOfPage\":{\"@id\":\"https:\\\/\\\/fydyapi.com\\\/index.php\\\/ytong-ankara\\\/#primaryimage\"},\"image\":{\"@id\":\"https:\\\/\\\/fydyapi.com\\\/index.php\\\/ytong-ankara\\\/#primaryimage\"},\"thumbnailUrl\":\"http:\\\/\\\/fydyapi.com\\\/wp-content\\\/uploads\\\/2021\\\/03\\\/ytong-ankara-bayisi-bayi-bayileri.jpg\",\"datePublished\":\"2021-04-03T08:27:35+00:00\",\"dateModified\":\"2021-08-31T09:31:08+00:00\",\"breadcrumb\":{\"@id\":\"https:\\\/\\\/fydyapi.com\\\/index.php\\\/ytong-ankara\\\/#breadcrumb\"},\"inLanguage\":\"tr\",\"potentialAction\":[{\"@type\":\"ReadAction\",\"target\":[\"https:\\\/\\\/fydyapi.com\\\/index.php\\\/ytong-ankara\\\/\"]}]},{\"@type\":\"ImageObject\",\"inLanguage\":\"tr\",\"@id\":\"https:\\\/\\\/fydyapi.com\\\/index.php\\\/ytong-ankara\\\/#primaryimage\",\"url\":\"https:\\\/\\\/fydyapi.com\\\/wp-content\\\/uploads\\\/2021\\\/03\\\/ytong-ankara-bayisi-bayi-bayileri.jpg\",\"contentUrl\":\"https:\\\/\\\/fydyapi.com\\\/wp-content\\\/uploads\\\/2021\\\/03\\\/ytong-ankara-bayisi-bayi-bayileri.jpg\",\"width\":1182,\"height\":1182,\"caption\":\"YTONG\"},{\"@type\":\"BreadcrumbList\",\"@id\":\"https:\\\/\\\/fydyapi.com\\\/index.php\\\/ytong-ankara\\\/#breadcrumb\",\"itemListElement\":[{\"@type\":\"ListItem\",\"position\":1,\"name\":\"Anasayfa\",\"item\":\"https:\\\/\\\/fydyapi.com\\\/\"},{\"@type\":\"ListItem\",\"position\":2,\"name\":\"Ytong\"}]},{\"@type\":\"WebSite\",\"@id\":\"https:\\\/\\\/fydyapi.com\\\/#website\",\"url\":\"https:\\\/\\\/fydyapi.com\\\/\",\"name\":\"FYD YAPI GRUP \u0130N\u015eAAT\",\"description\":\"FYD Yap\u0131 Grup \u0130n\u015faat\",\"publisher\":{\"@id\":\"https:\\\/\\\/fydyapi.com\\\/#organization\"},\"potentialAction\":[{\"@type\":\"SearchAction\",\"target\":{\"@type\":\"EntryPoint\",\"urlTemplate\":\"https:\\\/\\\/fydyapi.com\\\/?s={search_term_string}\"},\"query-input\":{\"@type\":\"PropertyValueSpecification\",\"valueRequired\":true,\"valueName\":\"search_term_string\"}}],\"inLanguage\":\"tr\"},{\"@type\":\"Organization\",\"@id\":\"https:\\\/\\\/fydyapi.com\\\/#organization\",\"name\":\"FYD YAPI GRUP \u0130N\u015eAAT\",\"url\":\"https:\\\/\\\/fydyapi.com\\\/\",\"logo\":{\"@type\":\"ImageObject\",\"inLanguage\":\"tr\",\"@id\":\"https:\\\/\\\/fydyapi.com\\\/#\\\/schema\\\/logo\\\/image\\\/\",\"url\":\"https:\\\/\\\/fydyapi.com\\\/wp-content\\\/uploads\\\/2021\\\/02\\\/cropped-cropped-cropped-png-site-1-e1630398538716.png\",\"contentUrl\":\"https:\\\/\\\/fydyapi.com\\\/wp-content\\\/uploads\\\/2021\\\/02\\\/cropped-cropped-cropped-png-site-1-e1630398538716.png\",\"width\":400,\"height\":307,\"caption\":\"FYD YAPI GRUP \u0130N\u015eAAT\"},\"image\":{\"@id\":\"https:\\\/\\\/fydyapi.com\\\/#\\\/schema\\\/logo\\\/image\\\/\"}}]}<\/script>\n<!-- \/ Yoast SEO plugin. -->","yoast_head_json":{"title":"Ytong - FYD YAPI GRUP \u0130N\u015eAAT","robots":{"index":"index","follow":"follow","max-snippet":"max-snippet:-1","max-image-preview":"max-image-preview:large","max-video-preview":"max-video-preview:-1"},"canonical":"https:\/\/fydyapi.com\/index.php\/ytong-ankara\/","og_locale":"tr_TR","og_type":"article","og_title":"Ytong - FYD YAPI GRUP \u0130N\u015eAAT","og_description":"Ytong \u00dcr\u00fcnleri 2012 y\u0131l\u0131nda kurulan FYD Yap\u0131 Grup Ltd. \u015eti. T\u00fcrkiye genelinde toptan in\u015faat malzemeleri ve taah\u00fct i\u015fleri yapmaktad\u0131r. Kendimizi s\u00fcrekli geli\u015ftirerek, profesyonel kadromuz ile hizmet vermeyi, yapt\u0131\u011f\u0131m\u0131z i\u015flerde kaliteden \u00f6d\u00fcn vermeden d\u00fcnya standartlar\u0131n\u0131 yakalamaya \u00e7al\u0131\u015ft\u0131k. FYD Yap\u0131 Grup olarak bu do\u011frultuda YTONG \u00fcr\u00fcnlerini sizlere fiyat avantajlar\u0131 ve sat\u0131\u015f sonras\u0131 hizmetler ile sunmaya devam ediyoruz. [&hellip;]","og_url":"https:\/\/fydyapi.com\/index.php\/ytong-ankara\/","og_site_name":"FYD YAPI GRUP \u0130N\u015eAAT","article_modified_time":"2021-08-31T09:31:08+00:00","og_image":[{"url":"http:\/\/fydyapi.com\/wp-content\/uploads\/2021\/03\/ytong-ankara-bayisi-bayi-bayileri.jpg","type":"","width":"","height":""}],"twitter_card":"summary_large_image","twitter_misc":{"Tahmini okuma s\u00fcresi":"1 dakika"},"schema":{"@context":"https:\/\/schema.org","@graph":[{"@type":"WebPage","@id":"https:\/\/fydyapi.com\/index.php\/ytong-ankara\/","url":"https:\/\/fydyapi.com\/index.php\/ytong-ankara\/","name":"Ytong - FYD YAPI GRUP \u0130N\u015eAAT","isPartOf":{"@id":"https:\/\/fydyapi.com\/#website"},"primaryImageOfPage":{"@id":"https:\/\/fydyapi.com\/index.php\/ytong-ankara\/#primaryimage"},"image":{"@id":"https:\/\/fydyapi.com\/index.php\/ytong-ankara\/#primaryimage"},"thumbnailUrl":"http:\/\/fydyapi.com\/wp-content\/uploads\/2021\/03\/ytong-ankara-bayisi-bayi-bayileri.jpg","datePublished":"2021-04-03T08:27:35+00:00","dateModified":"2021-08-31T09:31:08+00:00","breadcrumb":{"@id":"https:\/\/fydyapi.com\/index.php\/ytong-ankara\/#breadcrumb"},"inLanguage":"tr","potentialAction":[{"@type":"ReadAction","target":["https:\/\/fydyapi.com\/index.php\/ytong-ankara\/"]}]},{"@type":"ImageObject","inLanguage":"tr","@id":"https:\/\/fydyapi.com\/index.php\/ytong-ankara\/#primaryimage","url":"https:\/\/fydyapi.com\/wp-content\/uploads\/2021\/03\/ytong-ankara-bayisi-bayi-bayileri.jpg","contentUrl":"https:\/\/fydyapi.com\/wp-content\/uploads\/2021\/03\/ytong-ankara-bayisi-bayi-bayileri.jpg","width":1182,"height":1182,"caption":"YTONG"},{"@type":"BreadcrumbList","@id":"https:\/\/fydyapi.com\/index.php\/ytong-ankara\/#breadcrumb","itemListElement":[{"@type":"ListItem","position":1,"name":"Anasayfa","item":"https:\/\/fydyapi.com\/"},{"@type":"ListItem","position":2,"name":"Ytong"}]},{"@type":"WebSite","@id":"https:\/\/fydyapi.com\/#website","url":"https:\/\/fydyapi.com\/","name":"FYD YAPI GRUP \u0130N\u015eAAT","description":"FYD Yap\u0131 Grup \u0130n\u015faat","publisher":{"@id":"https:\/\/fydyapi.com\/#organization"},"potentialAction":[{"@type":"SearchAction","target":{"@type":"EntryPoint","urlTemplate":"https:\/\/fydyapi.com\/?s={search_term_string}"},"query-input":{"@type":"PropertyValueSpecification","valueRequired":true,"valueName":"search_term_string"}}],"inLanguage":"tr"},{"@type":"Organization","@id":"https:\/\/fydyapi.com\/#organization","name":"FYD YAPI GRUP \u0130N\u015eAAT","url":"https:\/\/fydyapi.com\/","logo":{"@type":"ImageObject","inLanguage":"tr","@id":"https:\/\/fydyapi.com\/#\/schema\/logo\/image\/","url":"https:\/\/fydyapi.com\/wp-content\/uploads\/2021\/02\/cropped-cropped-cropped-png-site-1-e1630398538716.png","contentUrl":"https:\/\/fydyapi.com\/wp-content\/uploads\/2021\/02\/cropped-cropped-cropped-png-site-1-e1630398538716.png","width":400,"height":307,"caption":"FYD YAPI GRUP \u0130N\u015eAAT"},"image":{"@id":"https:\/\/fydyapi.com\/#\/schema\/logo\/image\/"}}]}},"_links":{"self":[{"href":"https:\/\/fydyapi.com\/index.php\/wp-json\/wp\/v2\/pages\/2776","targetHints":{"allow":["GET"]}}],"collection":[{"href":"https:\/\/fydyapi.com\/index.php\/wp-json\/wp\/v2\/pages"}],"about":[{"href":"https:\/\/fydyapi.com\/index.php\/wp-json\/wp\/v2\/types\/page"}],"author":[{"embeddable":true,"href":"https:\/\/fydyapi.com\/index.php\/wp-json\/wp\/v2\/users\/1"}],"replies":[{"embeddable":true,"href":"https:\/\/fydyapi.com\/index.php\/wp-json\/wp\/v2\/comments?post=2776"}],"version-history":[{"count":19,"href":"https:\/\/fydyapi.com\/index.php\/wp-json\/wp\/v2\/pages\/2776\/revisions"}],"predecessor-version":[{"id":3682,"href":"https:\/\/fydyapi.com\/index.php\/wp-json\/wp\/v2\/pages\/2776\/revisions\/3682"}],"wp:attachment":[{"href":"https:\/\/fydyapi.com\/index.php\/wp-json\/wp\/v2\/media?parent=2776"}],"curies":[{"name":"wp","href":"https:\/\/api.w.org\/{rel}","templated":true}]}}