{"id":2777,"date":"2021-04-03T08:28:28","date_gmt":"2021-04-03T08:28:28","guid":{"rendered":"https:\/\/fydyapi.com\/?page_id=2777"},"modified":"2021-08-31T09:30:45","modified_gmt":"2021-08-31T09:30:45","slug":"tekno-yapi-kimyasallari-ankara-satis","status":"publish","type":"page","link":"https:\/\/fydyapi.com\/index.php\/markalar\/tekno-yapi-kimyasallari-ankara-satis\/","title":{"rendered":"Tekno Yap\u0131 Kimyasallar\u0131"},"content":{"rendered":"\t\t<div data-elementor-type=\"wp-page\" data-elementor-id=\"2777\" class=\"elementor elementor-2777\">\n\t\t\t\t\t\t<section class=\"elementor-section elementor-top-section elementor-element elementor-element-b10273a elementor-section-content-middle elementor-section-boxed elementor-section-height-default elementor-section-height-default\" data-id=\"b10273a\" data-element_type=\"section\" data-e-type=\"section\" data-settings=\"{&quot;background_background&quot;:&quot;gradient&quot;}\">\n\t\t\t\t\t\t<div class=\"elementor-container elementor-column-gap-no\">\n\t\t\t\t\t<div class=\"elementor-column elementor-col-50 elementor-top-column elementor-element elementor-element-6ae5f0f\" data-id=\"6ae5f0f\" data-element_type=\"column\" data-e-type=\"column\">\n\t\t\t<div class=\"elementor-widget-wrap elementor-element-populated\">\n\t\t\t\t\t\t<div class=\"elementor-element elementor-element-c6dd023 elementor-invisible elementor-widget elementor-widget-image\" data-id=\"c6dd023\" data-element_type=\"widget\" data-e-type=\"widget\" data-settings=\"{&quot;_animation&quot;:&quot;fadeInLeft&quot;}\" data-widget_type=\"image.default\">\n\t\t\t\t<div class=\"elementor-widget-container\">\n\t\t\t\t\t\t\t\t\t\t\t\t\t\t\t<img fetchpriority=\"high\" decoding=\"async\" width=\"512\" height=\"449\" src=\"https:\/\/fydyapi.com\/wp-content\/uploads\/2021\/04\/Tekno-Yapi-Kimyasallari-urunleri-ankara-toptan-satis-toptanci-bayii-tedarik.jpg\" class=\"attachment-full size-full wp-image-3442\" alt=\"\" srcset=\"https:\/\/fydyapi.com\/wp-content\/uploads\/2021\/04\/Tekno-Yapi-Kimyasallari-urunleri-ankara-toptan-satis-toptanci-bayii-tedarik.jpg 512w, https:\/\/fydyapi.com\/wp-content\/uploads\/2021\/04\/Tekno-Yapi-Kimyasallari-urunleri-ankara-toptan-satis-toptanci-bayii-tedarik-300x263.jpg 300w\" sizes=\"(max-width: 512px) 100vw, 512px\" \/>\t\t\t\t\t\t\t\t\t\t\t\t\t\t\t<\/div>\n\t\t\t\t<\/div>\n\t\t\t\t\t<\/div>\n\t\t<\/div>\n\t\t\t\t<div class=\"elementor-column elementor-col-50 elementor-top-column elementor-element elementor-element-0b496b4\" data-id=\"0b496b4\" data-element_type=\"column\" data-e-type=\"column\">\n\t\t\t<div class=\"elementor-widget-wrap elementor-element-populated\">\n\t\t\t\t\t\t<div class=\"elementor-element elementor-element-8d2e027 elementor-widget-divider--view-line elementor-widget elementor-widget-divider\" data-id=\"8d2e027\" data-element_type=\"widget\" data-e-type=\"widget\" data-widget_type=\"divider.default\">\n\t\t\t\t<div class=\"elementor-widget-container\">\n\t\t\t\t\t\t\t<div class=\"elementor-divider\">\n\t\t\t<span class=\"elementor-divider-separator\">\n\t\t\t\t\t\t<\/span>\n\t\t<\/div>\n\t\t\t\t\t\t<\/div>\n\t\t\t\t<\/div>\n\t\t\t\t<div class=\"elementor-element elementor-element-a793df2 elementor-widget elementor-widget-text-editor\" data-id=\"a793df2\" data-element_type=\"widget\" data-e-type=\"widget\" data-widget_type=\"text-editor.default\">\n\t\t\t\t<div class=\"elementor-widget-container\">\n\t\t\t\t\t\t\t\t\t<p><span style=\"font-size: 14px; font-style: normal; font-weight: 400; white-space: pre-wrap;\">2012 y\u0131l\u0131nda kurulan <\/span><span style=\"font-size: 14px; font-style: normal; font-weight: bold; white-space: pre-wrap;\">FYD Yap\u0131 Grup Ltd. \u015eti.<\/span><span style=\"font-size: 14px; font-style: normal; font-weight: 400; white-space: pre-wrap;\"> T\u00fcrkiye genelinde toptan in\u015faat malzemeleri ve taah\u00fct i\u015fleri yapmaktad\u0131r. Kendimizi s\u00fcrekli geli\u015ftirerek, profesyonel kadromuz ile hizmet vermeyi, yapt\u0131\u011f\u0131m\u0131z i\u015flerde kaliteden \u00f6d\u00fcn vermeden d\u00fcnya standartlar\u0131n\u0131 yakalamaya \u00e7al\u0131\u015ft\u0131k. FYD Yap\u0131 Grup olarak bu do\u011frultuda <\/span><span style=\"font-size: 14px; font-style: normal; font-weight: 400; white-space: pre-wrap;\"><span style=\"font-weight: bold;\">Tekno Yap\u0131 Kimyasallar\u0131 <\/span><\/span><span style=\"font-size: 14px; font-style: normal; font-weight: 400; white-space: pre-wrap;\">\u00fcr\u00fcnlerini sizlere fiyat avantajlar\u0131 ve sat\u0131\u015f sonras\u0131 hizmetler ile sunmaya devam ediyoruz.<\/span><\/p>\t\t\t\t\t\t\t\t<\/div>\n\t\t\t\t<\/div>\n\t\t\t\t\t<\/div>\n\t\t<\/div>\n\t\t\t\t\t<\/div>\n\t\t<\/section>\n\t\t\t\t<\/div>\n\t\t","protected":false},"excerpt":{"rendered":"<p>2012 y\u0131l\u0131nda kurulan FYD Yap\u0131 Grup Ltd. \u015eti. T\u00fcrkiye genelinde toptan in\u015faat malzemeleri ve taah\u00fct i\u015fleri yapmaktad\u0131r. Kendimizi s\u00fcrekli geli\u015ftirerek, profesyonel kadromuz ile hizmet vermeyi, yapt\u0131\u011f\u0131m\u0131z i\u015flerde kaliteden \u00f6d\u00fcn vermeden d\u00fcnya standartlar\u0131n\u0131 yakalamaya \u00e7al\u0131\u015ft\u0131k. FYD Yap\u0131 Grup olarak bu do\u011frultuda Tekno Yap\u0131 Kimyasallar\u0131 \u00fcr\u00fcnlerini sizlere fiyat avantajlar\u0131 ve sat\u0131\u015f sonras\u0131 hizmetler ile sunmaya devam ediyoruz.<\/p>\n","protected":false},"author":1,"featured_media":0,"parent":74,"menu_order":0,"comment_status":"closed","ping_status":"closed","template":"elementor_header_footer","meta":{"footnotes":""},"class_list":["post-2777","page","type-page","status-publish","hentry","post"],"yoast_head":"<!-- This site is optimized with the Yoast SEO plugin v27.5 - https:\/\/yoast.com\/product\/yoast-seo-wordpress\/ -->\n<title>Tekno Yap\u0131 Kimyasallar\u0131 - FYD YAPI GRUP \u0130N\u015eAAT<\/title>\n<meta name=\"robots\" content=\"index, follow, max-snippet:-1, max-image-preview:large, max-video-preview:-1\" \/>\n<link rel=\"canonical\" href=\"https:\/\/fydyapi.com\/index.php\/markalar\/tekno-yapi-kimyasallari-ankara-satis\/\" \/>\n<meta property=\"og:locale\" content=\"tr_TR\" \/>\n<meta property=\"og:type\" content=\"article\" \/>\n<meta property=\"og:title\" content=\"Tekno Yap\u0131 Kimyasallar\u0131 - FYD YAPI GRUP \u0130N\u015eAAT\" \/>\n<meta property=\"og:description\" content=\"2012 y\u0131l\u0131nda kurulan FYD Yap\u0131 Grup Ltd. \u015eti. T\u00fcrkiye genelinde toptan in\u015faat malzemeleri ve taah\u00fct i\u015fleri yapmaktad\u0131r. Kendimizi s\u00fcrekli geli\u015ftirerek, profesyonel kadromuz ile hizmet vermeyi, yapt\u0131\u011f\u0131m\u0131z i\u015flerde kaliteden \u00f6d\u00fcn vermeden d\u00fcnya standartlar\u0131n\u0131 yakalamaya \u00e7al\u0131\u015ft\u0131k. FYD Yap\u0131 Grup olarak bu do\u011frultuda Tekno Yap\u0131 Kimyasallar\u0131 \u00fcr\u00fcnlerini sizlere fiyat avantajlar\u0131 ve sat\u0131\u015f sonras\u0131 hizmetler ile sunmaya devam ediyoruz.\" \/>\n<meta property=\"og:url\" content=\"https:\/\/fydyapi.com\/index.php\/markalar\/tekno-yapi-kimyasallari-ankara-satis\/\" \/>\n<meta property=\"og:site_name\" content=\"FYD YAPI GRUP \u0130N\u015eAAT\" \/>\n<meta property=\"article:modified_time\" content=\"2021-08-31T09:30:45+00:00\" \/>\n<meta property=\"og:image\" content=\"http:\/\/fydyapi.com\/wp-content\/uploads\/2021\/04\/Tekno-Yapi-Kimyasallari-urunleri-ankara-toptan-satis-toptanci-bayii-tedarik.jpg\" \/>\n<meta name=\"twitter:card\" content=\"summary_large_image\" \/>\n<script type=\"application\/ld+json\" class=\"yoast-schema-graph\">{\"@context\":\"https:\\\/\\\/schema.org\",\"@graph\":[{\"@type\":\"WebPage\",\"@id\":\"https:\\\/\\\/fydyapi.com\\\/index.php\\\/markalar\\\/tekno-yapi-kimyasallari-ankara-satis\\\/\",\"url\":\"https:\\\/\\\/fydyapi.com\\\/index.php\\\/markalar\\\/tekno-yapi-kimyasallari-ankara-satis\\\/\",\"name\":\"Tekno Yap\u0131 Kimyasallar\u0131 - FYD YAPI GRUP \u0130N\u015eAAT\",\"isPartOf\":{\"@id\":\"https:\\\/\\\/fydyapi.com\\\/#website\"},\"primaryImageOfPage\":{\"@id\":\"https:\\\/\\\/fydyapi.com\\\/index.php\\\/markalar\\\/tekno-yapi-kimyasallari-ankara-satis\\\/#primaryimage\"},\"image\":{\"@id\":\"https:\\\/\\\/fydyapi.com\\\/index.php\\\/markalar\\\/tekno-yapi-kimyasallari-ankara-satis\\\/#primaryimage\"},\"thumbnailUrl\":\"http:\\\/\\\/fydyapi.com\\\/wp-content\\\/uploads\\\/2021\\\/04\\\/Tekno-Yapi-Kimyasallari-urunleri-ankara-toptan-satis-toptanci-bayii-tedarik.jpg\",\"datePublished\":\"2021-04-03T08:28:28+00:00\",\"dateModified\":\"2021-08-31T09:30:45+00:00\",\"breadcrumb\":{\"@id\":\"https:\\\/\\\/fydyapi.com\\\/index.php\\\/markalar\\\/tekno-yapi-kimyasallari-ankara-satis\\\/#breadcrumb\"},\"inLanguage\":\"tr\",\"potentialAction\":[{\"@type\":\"ReadAction\",\"target\":[\"https:\\\/\\\/fydyapi.com\\\/index.php\\\/markalar\\\/tekno-yapi-kimyasallari-ankara-satis\\\/\"]}]},{\"@type\":\"ImageObject\",\"inLanguage\":\"tr\",\"@id\":\"https:\\\/\\\/fydyapi.com\\\/index.php\\\/markalar\\\/tekno-yapi-kimyasallari-ankara-satis\\\/#primaryimage\",\"url\":\"https:\\\/\\\/fydyapi.com\\\/wp-content\\\/uploads\\\/2021\\\/04\\\/Tekno-Yapi-Kimyasallari-urunleri-ankara-toptan-satis-toptanci-bayii-tedarik.jpg\",\"contentUrl\":\"https:\\\/\\\/fydyapi.com\\\/wp-content\\\/uploads\\\/2021\\\/04\\\/Tekno-Yapi-Kimyasallari-urunleri-ankara-toptan-satis-toptanci-bayii-tedarik.jpg\",\"width\":512,\"height\":449,\"caption\":\"TEKNO YAPI K\u0130MYASALLARI\"},{\"@type\":\"BreadcrumbList\",\"@id\":\"https:\\\/\\\/fydyapi.com\\\/index.php\\\/markalar\\\/tekno-yapi-kimyasallari-ankara-satis\\\/#breadcrumb\",\"itemListElement\":[{\"@type\":\"ListItem\",\"position\":1,\"name\":\"Anasayfa\",\"item\":\"https:\\\/\\\/fydyapi.com\\\/\"},{\"@type\":\"ListItem\",\"position\":2,\"name\":\"Markalar\",\"item\":\"https:\\\/\\\/fydyapi.com\\\/index.php\\\/markalar\\\/\"},{\"@type\":\"ListItem\",\"position\":3,\"name\":\"Tekno Yap\u0131 Kimyasallar\u0131\"}]},{\"@type\":\"WebSite\",\"@id\":\"https:\\\/\\\/fydyapi.com\\\/#website\",\"url\":\"https:\\\/\\\/fydyapi.com\\\/\",\"name\":\"FYD YAPI GRUP \u0130N\u015eAAT\",\"description\":\"FYD Yap\u0131 Grup \u0130n\u015faat\",\"publisher\":{\"@id\":\"https:\\\/\\\/fydyapi.com\\\/#organization\"},\"potentialAction\":[{\"@type\":\"SearchAction\",\"target\":{\"@type\":\"EntryPoint\",\"urlTemplate\":\"https:\\\/\\\/fydyapi.com\\\/?s={search_term_string}\"},\"query-input\":{\"@type\":\"PropertyValueSpecification\",\"valueRequired\":true,\"valueName\":\"search_term_string\"}}],\"inLanguage\":\"tr\"},{\"@type\":\"Organization\",\"@id\":\"https:\\\/\\\/fydyapi.com\\\/#organization\",\"name\":\"FYD YAPI GRUP \u0130N\u015eAAT\",\"url\":\"https:\\\/\\\/fydyapi.com\\\/\",\"logo\":{\"@type\":\"ImageObject\",\"inLanguage\":\"tr\",\"@id\":\"https:\\\/\\\/fydyapi.com\\\/#\\\/schema\\\/logo\\\/image\\\/\",\"url\":\"https:\\\/\\\/fydyapi.com\\\/wp-content\\\/uploads\\\/2021\\\/02\\\/cropped-cropped-cropped-png-site-1-e1630398538716.png\",\"contentUrl\":\"https:\\\/\\\/fydyapi.com\\\/wp-content\\\/uploads\\\/2021\\\/02\\\/cropped-cropped-cropped-png-site-1-e1630398538716.png\",\"width\":400,\"height\":307,\"caption\":\"FYD YAPI GRUP \u0130N\u015eAAT\"},\"image\":{\"@id\":\"https:\\\/\\\/fydyapi.com\\\/#\\\/schema\\\/logo\\\/image\\\/\"}}]}<\/script>\n<!-- \/ Yoast SEO plugin. -->","yoast_head_json":{"title":"Tekno Yap\u0131 Kimyasallar\u0131 - FYD YAPI GRUP \u0130N\u015eAAT","robots":{"index":"index","follow":"follow","max-snippet":"max-snippet:-1","max-image-preview":"max-image-preview:large","max-video-preview":"max-video-preview:-1"},"canonical":"https:\/\/fydyapi.com\/index.php\/markalar\/tekno-yapi-kimyasallari-ankara-satis\/","og_locale":"tr_TR","og_type":"article","og_title":"Tekno Yap\u0131 Kimyasallar\u0131 - FYD YAPI GRUP \u0130N\u015eAAT","og_description":"2012 y\u0131l\u0131nda kurulan FYD Yap\u0131 Grup Ltd. \u015eti. T\u00fcrkiye genelinde toptan in\u015faat malzemeleri ve taah\u00fct i\u015fleri yapmaktad\u0131r. Kendimizi s\u00fcrekli geli\u015ftirerek, profesyonel kadromuz ile hizmet vermeyi, yapt\u0131\u011f\u0131m\u0131z i\u015flerde kaliteden \u00f6d\u00fcn vermeden d\u00fcnya standartlar\u0131n\u0131 yakalamaya \u00e7al\u0131\u015ft\u0131k. FYD Yap\u0131 Grup olarak bu do\u011frultuda Tekno Yap\u0131 Kimyasallar\u0131 \u00fcr\u00fcnlerini sizlere fiyat avantajlar\u0131 ve sat\u0131\u015f sonras\u0131 hizmetler ile sunmaya devam ediyoruz.","og_url":"https:\/\/fydyapi.com\/index.php\/markalar\/tekno-yapi-kimyasallari-ankara-satis\/","og_site_name":"FYD YAPI GRUP \u0130N\u015eAAT","article_modified_time":"2021-08-31T09:30:45+00:00","og_image":[{"url":"http:\/\/fydyapi.com\/wp-content\/uploads\/2021\/04\/Tekno-Yapi-Kimyasallari-urunleri-ankara-toptan-satis-toptanci-bayii-tedarik.jpg","type":"","width":"","height":""}],"twitter_card":"summary_large_image","schema":{"@context":"https:\/\/schema.org","@graph":[{"@type":"WebPage","@id":"https:\/\/fydyapi.com\/index.php\/markalar\/tekno-yapi-kimyasallari-ankara-satis\/","url":"https:\/\/fydyapi.com\/index.php\/markalar\/tekno-yapi-kimyasallari-ankara-satis\/","name":"Tekno Yap\u0131 Kimyasallar\u0131 - FYD YAPI GRUP \u0130N\u015eAAT","isPartOf":{"@id":"https:\/\/fydyapi.com\/#website"},"primaryImageOfPage":{"@id":"https:\/\/fydyapi.com\/index.php\/markalar\/tekno-yapi-kimyasallari-ankara-satis\/#primaryimage"},"image":{"@id":"https:\/\/fydyapi.com\/index.php\/markalar\/tekno-yapi-kimyasallari-ankara-satis\/#primaryimage"},"thumbnailUrl":"http:\/\/fydyapi.com\/wp-content\/uploads\/2021\/04\/Tekno-Yapi-Kimyasallari-urunleri-ankara-toptan-satis-toptanci-bayii-tedarik.jpg","datePublished":"2021-04-03T08:28:28+00:00","dateModified":"2021-08-31T09:30:45+00:00","breadcrumb":{"@id":"https:\/\/fydyapi.com\/index.php\/markalar\/tekno-yapi-kimyasallari-ankara-satis\/#breadcrumb"},"inLanguage":"tr","potentialAction":[{"@type":"ReadAction","target":["https:\/\/fydyapi.com\/index.php\/markalar\/tekno-yapi-kimyasallari-ankara-satis\/"]}]},{"@type":"ImageObject","inLanguage":"tr","@id":"https:\/\/fydyapi.com\/index.php\/markalar\/tekno-yapi-kimyasallari-ankara-satis\/#primaryimage","url":"https:\/\/fydyapi.com\/wp-content\/uploads\/2021\/04\/Tekno-Yapi-Kimyasallari-urunleri-ankara-toptan-satis-toptanci-bayii-tedarik.jpg","contentUrl":"https:\/\/fydyapi.com\/wp-content\/uploads\/2021\/04\/Tekno-Yapi-Kimyasallari-urunleri-ankara-toptan-satis-toptanci-bayii-tedarik.jpg","width":512,"height":449,"caption":"TEKNO YAPI K\u0130MYASALLARI"},{"@type":"BreadcrumbList","@id":"https:\/\/fydyapi.com\/index.php\/markalar\/tekno-yapi-kimyasallari-ankara-satis\/#breadcrumb","itemListElement":[{"@type":"ListItem","position":1,"name":"Anasayfa","item":"https:\/\/fydyapi.com\/"},{"@type":"ListItem","position":2,"name":"Markalar","item":"https:\/\/fydyapi.com\/index.php\/markalar\/"},{"@type":"ListItem","position":3,"name":"Tekno Yap\u0131 Kimyasallar\u0131"}]},{"@type":"WebSite","@id":"https:\/\/fydyapi.com\/#website","url":"https:\/\/fydyapi.com\/","name":"FYD YAPI GRUP \u0130N\u015eAAT","description":"FYD Yap\u0131 Grup \u0130n\u015faat","publisher":{"@id":"https:\/\/fydyapi.com\/#organization"},"potentialAction":[{"@type":"SearchAction","target":{"@type":"EntryPoint","urlTemplate":"https:\/\/fydyapi.com\/?s={search_term_string}"},"query-input":{"@type":"PropertyValueSpecification","valueRequired":true,"valueName":"search_term_string"}}],"inLanguage":"tr"},{"@type":"Organization","@id":"https:\/\/fydyapi.com\/#organization","name":"FYD YAPI GRUP \u0130N\u015eAAT","url":"https:\/\/fydyapi.com\/","logo":{"@type":"ImageObject","inLanguage":"tr","@id":"https:\/\/fydyapi.com\/#\/schema\/logo\/image\/","url":"https:\/\/fydyapi.com\/wp-content\/uploads\/2021\/02\/cropped-cropped-cropped-png-site-1-e1630398538716.png","contentUrl":"https:\/\/fydyapi.com\/wp-content\/uploads\/2021\/02\/cropped-cropped-cropped-png-site-1-e1630398538716.png","width":400,"height":307,"caption":"FYD YAPI GRUP \u0130N\u015eAAT"},"image":{"@id":"https:\/\/fydyapi.com\/#\/schema\/logo\/image\/"}}]}},"_links":{"self":[{"href":"https:\/\/fydyapi.com\/index.php\/wp-json\/wp\/v2\/pages\/2777","targetHints":{"allow":["GET"]}}],"collection":[{"href":"https:\/\/fydyapi.com\/index.php\/wp-json\/wp\/v2\/pages"}],"about":[{"href":"https:\/\/fydyapi.com\/index.php\/wp-json\/wp\/v2\/types\/page"}],"author":[{"embeddable":true,"href":"https:\/\/fydyapi.com\/index.php\/wp-json\/wp\/v2\/users\/1"}],"replies":[{"embeddable":true,"href":"https:\/\/fydyapi.com\/index.php\/wp-json\/wp\/v2\/comments?post=2777"}],"version-history":[{"count":15,"href":"https:\/\/fydyapi.com\/index.php\/wp-json\/wp\/v2\/pages\/2777\/revisions"}],"predecessor-version":[{"id":3669,"href":"https:\/\/fydyapi.com\/index.php\/wp-json\/wp\/v2\/pages\/2777\/revisions\/3669"}],"up":[{"embeddable":true,"href":"https:\/\/fydyapi.com\/index.php\/wp-json\/wp\/v2\/pages\/74"}],"wp:attachment":[{"href":"https:\/\/fydyapi.com\/index.php\/wp-json\/wp\/v2\/media?parent=2777"}],"curies":[{"name":"wp","href":"https:\/\/api.w.org\/{rel}","templated":true}]}}