{"id":2780,"date":"2021-04-03T08:29:33","date_gmt":"2021-04-03T08:29:33","guid":{"rendered":"https:\/\/fydyapi.com\/?page_id=2780"},"modified":"2021-08-31T09:29:55","modified_gmt":"2021-08-31T09:29:55","slug":"dalsan-ankara-satis","status":"publish","type":"page","link":"https:\/\/fydyapi.com\/index.php\/markalar\/dalsan-ankara-satis\/","title":{"rendered":"Dalsan"},"content":{"rendered":"\t\t<div data-elementor-type=\"wp-page\" data-elementor-id=\"2780\" class=\"elementor elementor-2780\">\n\t\t\t\t\t\t<section class=\"elementor-section elementor-top-section elementor-element elementor-element-9dba028 elementor-section-content-middle elementor-section-boxed elementor-section-height-default elementor-section-height-default\" data-id=\"9dba028\" data-element_type=\"section\" data-e-type=\"section\" data-settings=\"{&quot;background_background&quot;:&quot;gradient&quot;}\">\n\t\t\t\t\t\t<div class=\"elementor-container elementor-column-gap-no\">\n\t\t\t\t\t<div class=\"elementor-column elementor-col-50 elementor-top-column elementor-element elementor-element-ffde2b8\" data-id=\"ffde2b8\" data-element_type=\"column\" data-e-type=\"column\">\n\t\t\t<div class=\"elementor-widget-wrap elementor-element-populated\">\n\t\t\t\t\t\t<div class=\"elementor-element elementor-element-89f643d elementor-invisible elementor-widget elementor-widget-image\" data-id=\"89f643d\" data-element_type=\"widget\" data-e-type=\"widget\" data-settings=\"{&quot;_animation&quot;:&quot;fadeInLeft&quot;}\" data-widget_type=\"image.default\">\n\t\t\t\t<div class=\"elementor-widget-container\">\n\t\t\t\t\t\t\t\t\t\t\t\t\t\t\t<img fetchpriority=\"high\" decoding=\"async\" width=\"1182\" height=\"1182\" src=\"https:\/\/fydyapi.com\/wp-content\/uploads\/2021\/03\/dalsan-anlara-bayi-bayisi-bayileri.jpg\" class=\"attachment-full size-full wp-image-2247\" alt=\"\" srcset=\"https:\/\/fydyapi.com\/wp-content\/uploads\/2021\/03\/dalsan-anlara-bayi-bayisi-bayileri.jpg 1182w, https:\/\/fydyapi.com\/wp-content\/uploads\/2021\/03\/dalsan-anlara-bayi-bayisi-bayileri-300x300.jpg 300w, https:\/\/fydyapi.com\/wp-content\/uploads\/2021\/03\/dalsan-anlara-bayi-bayisi-bayileri-1024x1024.jpg 1024w, https:\/\/fydyapi.com\/wp-content\/uploads\/2021\/03\/dalsan-anlara-bayi-bayisi-bayileri-150x150.jpg 150w, https:\/\/fydyapi.com\/wp-content\/uploads\/2021\/03\/dalsan-anlara-bayi-bayisi-bayileri-768x768.jpg 768w\" sizes=\"(max-width: 1182px) 100vw, 1182px\" \/>\t\t\t\t\t\t\t\t\t\t\t\t\t\t\t<\/div>\n\t\t\t\t<\/div>\n\t\t\t\t\t<\/div>\n\t\t<\/div>\n\t\t\t\t<div class=\"elementor-column elementor-col-50 elementor-top-column elementor-element elementor-element-51d5fa4\" data-id=\"51d5fa4\" data-element_type=\"column\" data-e-type=\"column\">\n\t\t\t<div class=\"elementor-widget-wrap elementor-element-populated\">\n\t\t\t\t\t\t<div class=\"elementor-element elementor-element-64da3f7 elementor-widget elementor-widget-heading\" data-id=\"64da3f7\" data-element_type=\"widget\" data-e-type=\"widget\" data-widget_type=\"heading.default\">\n\t\t\t\t<div class=\"elementor-widget-container\">\n\t\t\t\t\t<h4 class=\"elementor-heading-title elementor-size-default\">Dalsan \u00dcr\u00fcnleri<\/h4>\t\t\t\t<\/div>\n\t\t\t\t<\/div>\n\t\t\t\t<div class=\"elementor-element elementor-element-eb96f1b elementor-widget-divider--view-line elementor-widget elementor-widget-divider\" data-id=\"eb96f1b\" data-element_type=\"widget\" data-e-type=\"widget\" data-widget_type=\"divider.default\">\n\t\t\t\t<div class=\"elementor-widget-container\">\n\t\t\t\t\t\t\t<div class=\"elementor-divider\">\n\t\t\t<span class=\"elementor-divider-separator\">\n\t\t\t\t\t\t<\/span>\n\t\t<\/div>\n\t\t\t\t\t\t<\/div>\n\t\t\t\t<\/div>\n\t\t\t\t<div class=\"elementor-element elementor-element-4c14c58 elementor-widget elementor-widget-text-editor\" data-id=\"4c14c58\" data-element_type=\"widget\" data-e-type=\"widget\" data-widget_type=\"text-editor.default\">\n\t\t\t\t<div class=\"elementor-widget-container\">\n\t\t\t\t\t\t\t\t\t<p><span style=\"font-size: 14px; font-style: normal; font-weight: 400; white-space: pre-wrap;\">2012 y\u0131l\u0131nda kurulan <\/span><span style=\"font-size: 14px; font-style: normal; font-weight: bold; white-space: pre-wrap;\">FYD Yap\u0131 Grup Ltd. \u015eti.<\/span><span style=\"font-size: 14px; font-style: normal; font-weight: 400; white-space: pre-wrap;\"> T\u00fcrkiye genelinde toptan in\u015faat malzemeleri ve taah\u00fct i\u015fleri yapmaktad\u0131r. Kendimizi s\u00fcrekli geli\u015ftirerek, profesyonel kadromuz ile hizmet vermeyi, yapt\u0131\u011f\u0131m\u0131z i\u015flerde kaliteden \u00f6d\u00fcn vermeden d\u00fcnya standartlar\u0131n\u0131 yakalamaya \u00e7al\u0131\u015ft\u0131k. FYD Yap\u0131 Grup olarak bu do\u011frultuda <\/span><span style=\"font-size: 14px; font-style: normal; font-weight: bold; white-space: pre-wrap;\">Dalsan<\/span><span style=\"font-size: 14px; font-style: normal; font-weight: 400; white-space: pre-wrap;\"> \u00fcr\u00fcnlerini sizlere fiyat avantajlar\u0131 ve sat\u0131\u015f sonras\u0131 hizmetler ile sunmaya devam ediyoruz.<\/span><\/p><p><span style=\"white-space: pre-wrap;\">Dalsan Markas\u0131na Ait ; YAPI AL\u00c7ILARI, S\u0130LOLU S\u0130STEMLER,YAPI AL\u00c7ILARI YARDIMCI MALZEMELER,\u0130\u00c7 MEKAN KURU DUVAR MALZEMELER\u0130,DI\u015e CEPHE KURU DUVAR MALZEMELER\u0130,HAZIR KARI\u015eIM ZEM\u0130N HAR\u00c7LARI,TEKN\u0130K HAR\u00c7LAR,KEND\u0130NDEN YAYILAN \u015eAPLAR gibi \u00fcr\u00fcnleri projelerinize tedari\u011fini sa\u011flamaktay\u0131z.<\/span><\/p>\t\t\t\t\t\t\t\t<\/div>\n\t\t\t\t<\/div>\n\t\t\t\t\t<\/div>\n\t\t<\/div>\n\t\t\t\t\t<\/div>\n\t\t<\/section>\n\t\t\t\t<\/div>\n\t\t","protected":false},"excerpt":{"rendered":"<p>Dalsan \u00dcr\u00fcnleri 2012 y\u0131l\u0131nda kurulan FYD Yap\u0131 Grup Ltd. \u015eti. T\u00fcrkiye genelinde toptan in\u015faat malzemeleri ve taah\u00fct i\u015fleri yapmaktad\u0131r. Kendimizi s\u00fcrekli geli\u015ftirerek, profesyonel kadromuz ile hizmet vermeyi, yapt\u0131\u011f\u0131m\u0131z i\u015flerde kaliteden \u00f6d\u00fcn vermeden d\u00fcnya standartlar\u0131n\u0131 yakalamaya \u00e7al\u0131\u015ft\u0131k. FYD Yap\u0131 Grup olarak bu do\u011frultuda Dalsan \u00fcr\u00fcnlerini sizlere fiyat avantajlar\u0131 ve sat\u0131\u015f sonras\u0131 hizmetler ile sunmaya devam ediyoruz. [&hellip;]<\/p>\n","protected":false},"author":1,"featured_media":0,"parent":74,"menu_order":0,"comment_status":"closed","ping_status":"closed","template":"elementor_header_footer","meta":{"footnotes":""},"class_list":["post-2780","page","type-page","status-publish","hentry","post"],"yoast_head":"<!-- This site is optimized with the Yoast SEO plugin v27.5 - https:\/\/yoast.com\/product\/yoast-seo-wordpress\/ -->\n<title>Dalsan - FYD YAPI GRUP \u0130N\u015eAAT<\/title>\n<meta name=\"robots\" content=\"index, follow, max-snippet:-1, max-image-preview:large, max-video-preview:-1\" \/>\n<link rel=\"canonical\" href=\"https:\/\/fydyapi.com\/index.php\/markalar\/dalsan-ankara-satis\/\" \/>\n<meta property=\"og:locale\" content=\"tr_TR\" \/>\n<meta property=\"og:type\" content=\"article\" \/>\n<meta property=\"og:title\" content=\"Dalsan - FYD YAPI GRUP \u0130N\u015eAAT\" \/>\n<meta property=\"og:description\" content=\"Dalsan \u00dcr\u00fcnleri 2012 y\u0131l\u0131nda kurulan FYD Yap\u0131 Grup Ltd. \u015eti. T\u00fcrkiye genelinde toptan in\u015faat malzemeleri ve taah\u00fct i\u015fleri yapmaktad\u0131r. Kendimizi s\u00fcrekli geli\u015ftirerek, profesyonel kadromuz ile hizmet vermeyi, yapt\u0131\u011f\u0131m\u0131z i\u015flerde kaliteden \u00f6d\u00fcn vermeden d\u00fcnya standartlar\u0131n\u0131 yakalamaya \u00e7al\u0131\u015ft\u0131k. FYD Yap\u0131 Grup olarak bu do\u011frultuda Dalsan \u00fcr\u00fcnlerini sizlere fiyat avantajlar\u0131 ve sat\u0131\u015f sonras\u0131 hizmetler ile sunmaya devam ediyoruz. [&hellip;]\" \/>\n<meta property=\"og:url\" content=\"https:\/\/fydyapi.com\/index.php\/markalar\/dalsan-ankara-satis\/\" \/>\n<meta property=\"og:site_name\" content=\"FYD YAPI GRUP \u0130N\u015eAAT\" \/>\n<meta property=\"article:modified_time\" content=\"2021-08-31T09:29:55+00:00\" \/>\n<meta property=\"og:image\" content=\"http:\/\/fydyapi.com\/wp-content\/uploads\/2021\/03\/dalsan-anlara-bayi-bayisi-bayileri.jpg\" \/>\n<meta name=\"twitter:card\" content=\"summary_large_image\" \/>\n<meta name=\"twitter:label1\" content=\"Tahmini okuma s\u00fcresi\" \/>\n\t<meta name=\"twitter:data1\" content=\"1 dakika\" \/>\n<script type=\"application\/ld+json\" class=\"yoast-schema-graph\">{\"@context\":\"https:\\\/\\\/schema.org\",\"@graph\":[{\"@type\":\"WebPage\",\"@id\":\"https:\\\/\\\/fydyapi.com\\\/index.php\\\/markalar\\\/dalsan-ankara-satis\\\/\",\"url\":\"https:\\\/\\\/fydyapi.com\\\/index.php\\\/markalar\\\/dalsan-ankara-satis\\\/\",\"name\":\"Dalsan - FYD YAPI GRUP \u0130N\u015eAAT\",\"isPartOf\":{\"@id\":\"https:\\\/\\\/fydyapi.com\\\/#website\"},\"primaryImageOfPage\":{\"@id\":\"https:\\\/\\\/fydyapi.com\\\/index.php\\\/markalar\\\/dalsan-ankara-satis\\\/#primaryimage\"},\"image\":{\"@id\":\"https:\\\/\\\/fydyapi.com\\\/index.php\\\/markalar\\\/dalsan-ankara-satis\\\/#primaryimage\"},\"thumbnailUrl\":\"http:\\\/\\\/fydyapi.com\\\/wp-content\\\/uploads\\\/2021\\\/03\\\/dalsan-anlara-bayi-bayisi-bayileri.jpg\",\"datePublished\":\"2021-04-03T08:29:33+00:00\",\"dateModified\":\"2021-08-31T09:29:55+00:00\",\"breadcrumb\":{\"@id\":\"https:\\\/\\\/fydyapi.com\\\/index.php\\\/markalar\\\/dalsan-ankara-satis\\\/#breadcrumb\"},\"inLanguage\":\"tr\",\"potentialAction\":[{\"@type\":\"ReadAction\",\"target\":[\"https:\\\/\\\/fydyapi.com\\\/index.php\\\/markalar\\\/dalsan-ankara-satis\\\/\"]}]},{\"@type\":\"ImageObject\",\"inLanguage\":\"tr\",\"@id\":\"https:\\\/\\\/fydyapi.com\\\/index.php\\\/markalar\\\/dalsan-ankara-satis\\\/#primaryimage\",\"url\":\"https:\\\/\\\/fydyapi.com\\\/wp-content\\\/uploads\\\/2021\\\/03\\\/dalsan-anlara-bayi-bayisi-bayileri.jpg\",\"contentUrl\":\"https:\\\/\\\/fydyapi.com\\\/wp-content\\\/uploads\\\/2021\\\/03\\\/dalsan-anlara-bayi-bayisi-bayileri.jpg\",\"width\":1182,\"height\":1182,\"caption\":\"DALSAN\"},{\"@type\":\"BreadcrumbList\",\"@id\":\"https:\\\/\\\/fydyapi.com\\\/index.php\\\/markalar\\\/dalsan-ankara-satis\\\/#breadcrumb\",\"itemListElement\":[{\"@type\":\"ListItem\",\"position\":1,\"name\":\"Anasayfa\",\"item\":\"https:\\\/\\\/fydyapi.com\\\/\"},{\"@type\":\"ListItem\",\"position\":2,\"name\":\"Markalar\",\"item\":\"https:\\\/\\\/fydyapi.com\\\/index.php\\\/markalar\\\/\"},{\"@type\":\"ListItem\",\"position\":3,\"name\":\"Dalsan\"}]},{\"@type\":\"WebSite\",\"@id\":\"https:\\\/\\\/fydyapi.com\\\/#website\",\"url\":\"https:\\\/\\\/fydyapi.com\\\/\",\"name\":\"FYD YAPI GRUP \u0130N\u015eAAT\",\"description\":\"FYD Yap\u0131 Grup \u0130n\u015faat\",\"publisher\":{\"@id\":\"https:\\\/\\\/fydyapi.com\\\/#organization\"},\"potentialAction\":[{\"@type\":\"SearchAction\",\"target\":{\"@type\":\"EntryPoint\",\"urlTemplate\":\"https:\\\/\\\/fydyapi.com\\\/?s={search_term_string}\"},\"query-input\":{\"@type\":\"PropertyValueSpecification\",\"valueRequired\":true,\"valueName\":\"search_term_string\"}}],\"inLanguage\":\"tr\"},{\"@type\":\"Organization\",\"@id\":\"https:\\\/\\\/fydyapi.com\\\/#organization\",\"name\":\"FYD YAPI GRUP \u0130N\u015eAAT\",\"url\":\"https:\\\/\\\/fydyapi.com\\\/\",\"logo\":{\"@type\":\"ImageObject\",\"inLanguage\":\"tr\",\"@id\":\"https:\\\/\\\/fydyapi.com\\\/#\\\/schema\\\/logo\\\/image\\\/\",\"url\":\"https:\\\/\\\/fydyapi.com\\\/wp-content\\\/uploads\\\/2021\\\/02\\\/cropped-cropped-cropped-png-site-1-e1630398538716.png\",\"contentUrl\":\"https:\\\/\\\/fydyapi.com\\\/wp-content\\\/uploads\\\/2021\\\/02\\\/cropped-cropped-cropped-png-site-1-e1630398538716.png\",\"width\":400,\"height\":307,\"caption\":\"FYD YAPI GRUP \u0130N\u015eAAT\"},\"image\":{\"@id\":\"https:\\\/\\\/fydyapi.com\\\/#\\\/schema\\\/logo\\\/image\\\/\"}}]}<\/script>\n<!-- \/ Yoast SEO plugin. -->","yoast_head_json":{"title":"Dalsan - FYD YAPI GRUP \u0130N\u015eAAT","robots":{"index":"index","follow":"follow","max-snippet":"max-snippet:-1","max-image-preview":"max-image-preview:large","max-video-preview":"max-video-preview:-1"},"canonical":"https:\/\/fydyapi.com\/index.php\/markalar\/dalsan-ankara-satis\/","og_locale":"tr_TR","og_type":"article","og_title":"Dalsan - FYD YAPI GRUP \u0130N\u015eAAT","og_description":"Dalsan \u00dcr\u00fcnleri 2012 y\u0131l\u0131nda kurulan FYD Yap\u0131 Grup Ltd. \u015eti. T\u00fcrkiye genelinde toptan in\u015faat malzemeleri ve taah\u00fct i\u015fleri yapmaktad\u0131r. Kendimizi s\u00fcrekli geli\u015ftirerek, profesyonel kadromuz ile hizmet vermeyi, yapt\u0131\u011f\u0131m\u0131z i\u015flerde kaliteden \u00f6d\u00fcn vermeden d\u00fcnya standartlar\u0131n\u0131 yakalamaya \u00e7al\u0131\u015ft\u0131k. FYD Yap\u0131 Grup olarak bu do\u011frultuda Dalsan \u00fcr\u00fcnlerini sizlere fiyat avantajlar\u0131 ve sat\u0131\u015f sonras\u0131 hizmetler ile sunmaya devam ediyoruz. [&hellip;]","og_url":"https:\/\/fydyapi.com\/index.php\/markalar\/dalsan-ankara-satis\/","og_site_name":"FYD YAPI GRUP \u0130N\u015eAAT","article_modified_time":"2021-08-31T09:29:55+00:00","og_image":[{"url":"http:\/\/fydyapi.com\/wp-content\/uploads\/2021\/03\/dalsan-anlara-bayi-bayisi-bayileri.jpg","type":"","width":"","height":""}],"twitter_card":"summary_large_image","twitter_misc":{"Tahmini okuma s\u00fcresi":"1 dakika"},"schema":{"@context":"https:\/\/schema.org","@graph":[{"@type":"WebPage","@id":"https:\/\/fydyapi.com\/index.php\/markalar\/dalsan-ankara-satis\/","url":"https:\/\/fydyapi.com\/index.php\/markalar\/dalsan-ankara-satis\/","name":"Dalsan - FYD YAPI GRUP \u0130N\u015eAAT","isPartOf":{"@id":"https:\/\/fydyapi.com\/#website"},"primaryImageOfPage":{"@id":"https:\/\/fydyapi.com\/index.php\/markalar\/dalsan-ankara-satis\/#primaryimage"},"image":{"@id":"https:\/\/fydyapi.com\/index.php\/markalar\/dalsan-ankara-satis\/#primaryimage"},"thumbnailUrl":"http:\/\/fydyapi.com\/wp-content\/uploads\/2021\/03\/dalsan-anlara-bayi-bayisi-bayileri.jpg","datePublished":"2021-04-03T08:29:33+00:00","dateModified":"2021-08-31T09:29:55+00:00","breadcrumb":{"@id":"https:\/\/fydyapi.com\/index.php\/markalar\/dalsan-ankara-satis\/#breadcrumb"},"inLanguage":"tr","potentialAction":[{"@type":"ReadAction","target":["https:\/\/fydyapi.com\/index.php\/markalar\/dalsan-ankara-satis\/"]}]},{"@type":"ImageObject","inLanguage":"tr","@id":"https:\/\/fydyapi.com\/index.php\/markalar\/dalsan-ankara-satis\/#primaryimage","url":"https:\/\/fydyapi.com\/wp-content\/uploads\/2021\/03\/dalsan-anlara-bayi-bayisi-bayileri.jpg","contentUrl":"https:\/\/fydyapi.com\/wp-content\/uploads\/2021\/03\/dalsan-anlara-bayi-bayisi-bayileri.jpg","width":1182,"height":1182,"caption":"DALSAN"},{"@type":"BreadcrumbList","@id":"https:\/\/fydyapi.com\/index.php\/markalar\/dalsan-ankara-satis\/#breadcrumb","itemListElement":[{"@type":"ListItem","position":1,"name":"Anasayfa","item":"https:\/\/fydyapi.com\/"},{"@type":"ListItem","position":2,"name":"Markalar","item":"https:\/\/fydyapi.com\/index.php\/markalar\/"},{"@type":"ListItem","position":3,"name":"Dalsan"}]},{"@type":"WebSite","@id":"https:\/\/fydyapi.com\/#website","url":"https:\/\/fydyapi.com\/","name":"FYD YAPI GRUP \u0130N\u015eAAT","description":"FYD Yap\u0131 Grup \u0130n\u015faat","publisher":{"@id":"https:\/\/fydyapi.com\/#organization"},"potentialAction":[{"@type":"SearchAction","target":{"@type":"EntryPoint","urlTemplate":"https:\/\/fydyapi.com\/?s={search_term_string}"},"query-input":{"@type":"PropertyValueSpecification","valueRequired":true,"valueName":"search_term_string"}}],"inLanguage":"tr"},{"@type":"Organization","@id":"https:\/\/fydyapi.com\/#organization","name":"FYD YAPI GRUP \u0130N\u015eAAT","url":"https:\/\/fydyapi.com\/","logo":{"@type":"ImageObject","inLanguage":"tr","@id":"https:\/\/fydyapi.com\/#\/schema\/logo\/image\/","url":"https:\/\/fydyapi.com\/wp-content\/uploads\/2021\/02\/cropped-cropped-cropped-png-site-1-e1630398538716.png","contentUrl":"https:\/\/fydyapi.com\/wp-content\/uploads\/2021\/02\/cropped-cropped-cropped-png-site-1-e1630398538716.png","width":400,"height":307,"caption":"FYD YAPI GRUP \u0130N\u015eAAT"},"image":{"@id":"https:\/\/fydyapi.com\/#\/schema\/logo\/image\/"}}]}},"_links":{"self":[{"href":"https:\/\/fydyapi.com\/index.php\/wp-json\/wp\/v2\/pages\/2780","targetHints":{"allow":["GET"]}}],"collection":[{"href":"https:\/\/fydyapi.com\/index.php\/wp-json\/wp\/v2\/pages"}],"about":[{"href":"https:\/\/fydyapi.com\/index.php\/wp-json\/wp\/v2\/types\/page"}],"author":[{"embeddable":true,"href":"https:\/\/fydyapi.com\/index.php\/wp-json\/wp\/v2\/users\/1"}],"replies":[{"embeddable":true,"href":"https:\/\/fydyapi.com\/index.php\/wp-json\/wp\/v2\/comments?post=2780"}],"version-history":[{"count":21,"href":"https:\/\/fydyapi.com\/index.php\/wp-json\/wp\/v2\/pages\/2780\/revisions"}],"predecessor-version":[{"id":3654,"href":"https:\/\/fydyapi.com\/index.php\/wp-json\/wp\/v2\/pages\/2780\/revisions\/3654"}],"up":[{"embeddable":true,"href":"https:\/\/fydyapi.com\/index.php\/wp-json\/wp\/v2\/pages\/74"}],"wp:attachment":[{"href":"https:\/\/fydyapi.com\/index.php\/wp-json\/wp\/v2\/media?parent=2780"}],"curies":[{"name":"wp","href":"https:\/\/api.w.org\/{rel}","templated":true}]}}