{"id":2796,"date":"2021-04-03T08:34:26","date_gmt":"2021-04-03T08:34:26","guid":{"rendered":"https:\/\/fydyapi.com\/?page_id=2796"},"modified":"2021-08-31T09:29:51","modified_gmt":"2021-08-31T09:29:51","slug":"corum-blok-tugla-ankara-toptan-satis-insaat-yapi-malzemeleri","status":"publish","type":"page","link":"https:\/\/fydyapi.com\/index.php\/markalar\/corum-blok-tugla-ankara-toptan-satis-insaat-yapi-malzemeleri\/","title":{"rendered":"\u00c7orum Blok Tu\u011fla"},"content":{"rendered":"\t\t<div data-elementor-type=\"wp-page\" data-elementor-id=\"2796\" class=\"elementor elementor-2796\">\n\t\t\t\t\t\t<section class=\"elementor-section elementor-top-section elementor-element elementor-element-7795e11 elementor-section-content-middle elementor-section-boxed elementor-section-height-default elementor-section-height-default\" data-id=\"7795e11\" data-element_type=\"section\" data-e-type=\"section\" data-settings=\"{&quot;background_background&quot;:&quot;gradient&quot;}\">\n\t\t\t\t\t\t<div class=\"elementor-container elementor-column-gap-no\">\n\t\t\t\t\t<div class=\"elementor-column elementor-col-50 elementor-top-column elementor-element elementor-element-cc2e456\" data-id=\"cc2e456\" data-element_type=\"column\" data-e-type=\"column\">\n\t\t\t<div class=\"elementor-widget-wrap elementor-element-populated\">\n\t\t\t\t\t\t<div class=\"elementor-element elementor-element-b0a9d81 elementor-invisible elementor-widget elementor-widget-image\" data-id=\"b0a9d81\" data-element_type=\"widget\" data-e-type=\"widget\" data-settings=\"{&quot;_animation&quot;:&quot;fadeInLeft&quot;}\" data-widget_type=\"image.default\">\n\t\t\t\t<div class=\"elementor-widget-container\">\n\t\t\t\t\t\t\t\t\t\t\t\t\t\t\t<img fetchpriority=\"high\" decoding=\"async\" width=\"512\" height=\"512\" src=\"https:\/\/fydyapi.com\/wp-content\/uploads\/2021\/04\/corum-blok-tugla-ankara-bayii-satis-toptanci-toptan-insaat-malzemeleri.jpg\" class=\"attachment-full size-full wp-image-3474\" alt=\"\" srcset=\"https:\/\/fydyapi.com\/wp-content\/uploads\/2021\/04\/corum-blok-tugla-ankara-bayii-satis-toptanci-toptan-insaat-malzemeleri.jpg 512w, https:\/\/fydyapi.com\/wp-content\/uploads\/2021\/04\/corum-blok-tugla-ankara-bayii-satis-toptanci-toptan-insaat-malzemeleri-300x300.jpg 300w, https:\/\/fydyapi.com\/wp-content\/uploads\/2021\/04\/corum-blok-tugla-ankara-bayii-satis-toptanci-toptan-insaat-malzemeleri-150x150.jpg 150w\" sizes=\"(max-width: 512px) 100vw, 512px\" \/>\t\t\t\t\t\t\t\t\t\t\t\t\t\t\t<\/div>\n\t\t\t\t<\/div>\n\t\t\t\t\t<\/div>\n\t\t<\/div>\n\t\t\t\t<div class=\"elementor-column elementor-col-50 elementor-top-column elementor-element elementor-element-c2db677\" data-id=\"c2db677\" data-element_type=\"column\" data-e-type=\"column\">\n\t\t\t<div class=\"elementor-widget-wrap elementor-element-populated\">\n\t\t\t\t\t\t<div class=\"elementor-element elementor-element-ab0897b elementor-widget elementor-widget-heading\" data-id=\"ab0897b\" data-element_type=\"widget\" data-e-type=\"widget\" data-widget_type=\"heading.default\">\n\t\t\t\t<div class=\"elementor-widget-container\">\n\t\t\t\t\t<h4 class=\"elementor-heading-title elementor-size-default\">\u00c7orum Blok Tu\u011fla \u00dcr\u00fcnleri<\/h4>\t\t\t\t<\/div>\n\t\t\t\t<\/div>\n\t\t\t\t<div class=\"elementor-element elementor-element-651e401 elementor-widget-divider--view-line elementor-widget elementor-widget-divider\" data-id=\"651e401\" data-element_type=\"widget\" data-e-type=\"widget\" data-widget_type=\"divider.default\">\n\t\t\t\t<div class=\"elementor-widget-container\">\n\t\t\t\t\t\t\t<div class=\"elementor-divider\">\n\t\t\t<span class=\"elementor-divider-separator\">\n\t\t\t\t\t\t<\/span>\n\t\t<\/div>\n\t\t\t\t\t\t<\/div>\n\t\t\t\t<\/div>\n\t\t\t\t<div class=\"elementor-element elementor-element-5f9ec32 elementor-widget elementor-widget-text-editor\" data-id=\"5f9ec32\" data-element_type=\"widget\" data-e-type=\"widget\" data-widget_type=\"text-editor.default\">\n\t\t\t\t<div class=\"elementor-widget-container\">\n\t\t\t\t\t\t\t\t\t<p><span style=\"font-size: 14px; font-style: normal; font-weight: 400; white-space: pre-wrap;\">2012 y\u0131l\u0131nda kurulan <\/span><span style=\"font-size: 14px; font-style: normal; font-weight: bold; white-space: pre-wrap;\">FYD Yap\u0131 Grup Ltd. \u015eti.<\/span><span style=\"font-size: 14px; font-style: normal; font-weight: 400; white-space: pre-wrap;\"> T\u00fcrkiye genelinde toptan in\u015faat malzemeleri ve taah\u00fct i\u015fleri yapmaktad\u0131r. Kendimizi s\u00fcrekli geli\u015ftirerek, profesyonel kadromuz ile hizmet vermeyi, yapt\u0131\u011f\u0131m\u0131z i\u015flerde kaliteden \u00f6d\u00fcn vermeden d\u00fcnya standartlar\u0131n\u0131 yakalamaya \u00e7al\u0131\u015ft\u0131k. FYD Yap\u0131 Grup olarak bu do\u011frultuda <\/span><span style=\"font-size: 14px; font-style: normal; font-weight: bold; white-space: pre-wrap;\">\u00c7orum Blok Tu\u011fla<\/span><span style=\"font-size: 14px; font-style: normal; font-weight: 400; white-space: pre-wrap;\"> \u00fcr\u00fcnlerini sizlere fiyat avantajlar\u0131 ve sat\u0131\u015f sonras\u0131 hizmetler ile sunmaya devam ediyoruz.<\/span><\/p>\t\t\t\t\t\t\t\t<\/div>\n\t\t\t\t<\/div>\n\t\t\t\t\t<\/div>\n\t\t<\/div>\n\t\t\t\t\t<\/div>\n\t\t<\/section>\n\t\t\t\t<\/div>\n\t\t","protected":false},"excerpt":{"rendered":"<p>\u00c7orum Blok Tu\u011fla \u00dcr\u00fcnleri 2012 y\u0131l\u0131nda kurulan FYD Yap\u0131 Grup Ltd. \u015eti. T\u00fcrkiye genelinde toptan in\u015faat malzemeleri ve taah\u00fct i\u015fleri yapmaktad\u0131r. Kendimizi s\u00fcrekli geli\u015ftirerek, profesyonel kadromuz ile hizmet vermeyi, yapt\u0131\u011f\u0131m\u0131z i\u015flerde kaliteden \u00f6d\u00fcn vermeden d\u00fcnya standartlar\u0131n\u0131 yakalamaya \u00e7al\u0131\u015ft\u0131k. FYD Yap\u0131 Grup olarak bu do\u011frultuda \u00c7orum Blok Tu\u011fla \u00fcr\u00fcnlerini sizlere fiyat avantajlar\u0131 ve sat\u0131\u015f sonras\u0131 hizmetler [&hellip;]<\/p>\n","protected":false},"author":1,"featured_media":0,"parent":74,"menu_order":0,"comment_status":"closed","ping_status":"closed","template":"elementor_header_footer","meta":{"footnotes":""},"class_list":["post-2796","page","type-page","status-publish","hentry","post"],"yoast_head":"<!-- This site is optimized with the Yoast SEO plugin v27.5 - https:\/\/yoast.com\/product\/yoast-seo-wordpress\/ -->\n<title>\u00c7orum Blok Tu\u011fla - FYD YAPI GRUP \u0130N\u015eAAT<\/title>\n<meta name=\"robots\" content=\"index, follow, max-snippet:-1, max-image-preview:large, max-video-preview:-1\" \/>\n<link rel=\"canonical\" href=\"https:\/\/fydyapi.com\/index.php\/markalar\/corum-blok-tugla-ankara-toptan-satis-insaat-yapi-malzemeleri\/\" \/>\n<meta property=\"og:locale\" content=\"tr_TR\" \/>\n<meta property=\"og:type\" content=\"article\" \/>\n<meta property=\"og:title\" content=\"\u00c7orum Blok Tu\u011fla - FYD YAPI GRUP \u0130N\u015eAAT\" \/>\n<meta property=\"og:description\" content=\"\u00c7orum Blok Tu\u011fla \u00dcr\u00fcnleri 2012 y\u0131l\u0131nda kurulan FYD Yap\u0131 Grup Ltd. \u015eti. T\u00fcrkiye genelinde toptan in\u015faat malzemeleri ve taah\u00fct i\u015fleri yapmaktad\u0131r. Kendimizi s\u00fcrekli geli\u015ftirerek, profesyonel kadromuz ile hizmet vermeyi, yapt\u0131\u011f\u0131m\u0131z i\u015flerde kaliteden \u00f6d\u00fcn vermeden d\u00fcnya standartlar\u0131n\u0131 yakalamaya \u00e7al\u0131\u015ft\u0131k. FYD Yap\u0131 Grup olarak bu do\u011frultuda \u00c7orum Blok Tu\u011fla \u00fcr\u00fcnlerini sizlere fiyat avantajlar\u0131 ve sat\u0131\u015f sonras\u0131 hizmetler [&hellip;]\" \/>\n<meta property=\"og:url\" content=\"https:\/\/fydyapi.com\/index.php\/markalar\/corum-blok-tugla-ankara-toptan-satis-insaat-yapi-malzemeleri\/\" \/>\n<meta property=\"og:site_name\" content=\"FYD YAPI GRUP \u0130N\u015eAAT\" \/>\n<meta property=\"article:modified_time\" content=\"2021-08-31T09:29:51+00:00\" \/>\n<meta property=\"og:image\" content=\"http:\/\/fydyapi.com\/wp-content\/uploads\/2021\/04\/corum-blok-tugla-ankara-bayii-satis-toptanci-toptan-insaat-malzemeleri.jpg\" \/>\n<meta name=\"twitter:card\" content=\"summary_large_image\" \/>\n<script type=\"application\/ld+json\" class=\"yoast-schema-graph\">{\"@context\":\"https:\\\/\\\/schema.org\",\"@graph\":[{\"@type\":\"WebPage\",\"@id\":\"https:\\\/\\\/fydyapi.com\\\/index.php\\\/markalar\\\/corum-blok-tugla-ankara-toptan-satis-insaat-yapi-malzemeleri\\\/\",\"url\":\"https:\\\/\\\/fydyapi.com\\\/index.php\\\/markalar\\\/corum-blok-tugla-ankara-toptan-satis-insaat-yapi-malzemeleri\\\/\",\"name\":\"\u00c7orum Blok Tu\u011fla - FYD YAPI GRUP \u0130N\u015eAAT\",\"isPartOf\":{\"@id\":\"https:\\\/\\\/fydyapi.com\\\/#website\"},\"primaryImageOfPage\":{\"@id\":\"https:\\\/\\\/fydyapi.com\\\/index.php\\\/markalar\\\/corum-blok-tugla-ankara-toptan-satis-insaat-yapi-malzemeleri\\\/#primaryimage\"},\"image\":{\"@id\":\"https:\\\/\\\/fydyapi.com\\\/index.php\\\/markalar\\\/corum-blok-tugla-ankara-toptan-satis-insaat-yapi-malzemeleri\\\/#primaryimage\"},\"thumbnailUrl\":\"http:\\\/\\\/fydyapi.com\\\/wp-content\\\/uploads\\\/2021\\\/04\\\/corum-blok-tugla-ankara-bayii-satis-toptanci-toptan-insaat-malzemeleri.jpg\",\"datePublished\":\"2021-04-03T08:34:26+00:00\",\"dateModified\":\"2021-08-31T09:29:51+00:00\",\"breadcrumb\":{\"@id\":\"https:\\\/\\\/fydyapi.com\\\/index.php\\\/markalar\\\/corum-blok-tugla-ankara-toptan-satis-insaat-yapi-malzemeleri\\\/#breadcrumb\"},\"inLanguage\":\"tr\",\"potentialAction\":[{\"@type\":\"ReadAction\",\"target\":[\"https:\\\/\\\/fydyapi.com\\\/index.php\\\/markalar\\\/corum-blok-tugla-ankara-toptan-satis-insaat-yapi-malzemeleri\\\/\"]}]},{\"@type\":\"ImageObject\",\"inLanguage\":\"tr\",\"@id\":\"https:\\\/\\\/fydyapi.com\\\/index.php\\\/markalar\\\/corum-blok-tugla-ankara-toptan-satis-insaat-yapi-malzemeleri\\\/#primaryimage\",\"url\":\"https:\\\/\\\/fydyapi.com\\\/wp-content\\\/uploads\\\/2021\\\/04\\\/corum-blok-tugla-ankara-bayii-satis-toptanci-toptan-insaat-malzemeleri.jpg\",\"contentUrl\":\"https:\\\/\\\/fydyapi.com\\\/wp-content\\\/uploads\\\/2021\\\/04\\\/corum-blok-tugla-ankara-bayii-satis-toptanci-toptan-insaat-malzemeleri.jpg\",\"width\":512,\"height\":512,\"caption\":\"\u00c7ORUM BLOK TU\u011eLA\"},{\"@type\":\"BreadcrumbList\",\"@id\":\"https:\\\/\\\/fydyapi.com\\\/index.php\\\/markalar\\\/corum-blok-tugla-ankara-toptan-satis-insaat-yapi-malzemeleri\\\/#breadcrumb\",\"itemListElement\":[{\"@type\":\"ListItem\",\"position\":1,\"name\":\"Anasayfa\",\"item\":\"https:\\\/\\\/fydyapi.com\\\/\"},{\"@type\":\"ListItem\",\"position\":2,\"name\":\"Markalar\",\"item\":\"https:\\\/\\\/fydyapi.com\\\/index.php\\\/markalar\\\/\"},{\"@type\":\"ListItem\",\"position\":3,\"name\":\"\u00c7orum Blok Tu\u011fla\"}]},{\"@type\":\"WebSite\",\"@id\":\"https:\\\/\\\/fydyapi.com\\\/#website\",\"url\":\"https:\\\/\\\/fydyapi.com\\\/\",\"name\":\"FYD YAPI GRUP \u0130N\u015eAAT\",\"description\":\"FYD Yap\u0131 Grup \u0130n\u015faat\",\"publisher\":{\"@id\":\"https:\\\/\\\/fydyapi.com\\\/#organization\"},\"potentialAction\":[{\"@type\":\"SearchAction\",\"target\":{\"@type\":\"EntryPoint\",\"urlTemplate\":\"https:\\\/\\\/fydyapi.com\\\/?s={search_term_string}\"},\"query-input\":{\"@type\":\"PropertyValueSpecification\",\"valueRequired\":true,\"valueName\":\"search_term_string\"}}],\"inLanguage\":\"tr\"},{\"@type\":\"Organization\",\"@id\":\"https:\\\/\\\/fydyapi.com\\\/#organization\",\"name\":\"FYD YAPI GRUP \u0130N\u015eAAT\",\"url\":\"https:\\\/\\\/fydyapi.com\\\/\",\"logo\":{\"@type\":\"ImageObject\",\"inLanguage\":\"tr\",\"@id\":\"https:\\\/\\\/fydyapi.com\\\/#\\\/schema\\\/logo\\\/image\\\/\",\"url\":\"https:\\\/\\\/fydyapi.com\\\/wp-content\\\/uploads\\\/2021\\\/02\\\/cropped-cropped-cropped-png-site-1-e1630398538716.png\",\"contentUrl\":\"https:\\\/\\\/fydyapi.com\\\/wp-content\\\/uploads\\\/2021\\\/02\\\/cropped-cropped-cropped-png-site-1-e1630398538716.png\",\"width\":400,\"height\":307,\"caption\":\"FYD YAPI GRUP \u0130N\u015eAAT\"},\"image\":{\"@id\":\"https:\\\/\\\/fydyapi.com\\\/#\\\/schema\\\/logo\\\/image\\\/\"}}]}<\/script>\n<!-- \/ Yoast SEO plugin. -->","yoast_head_json":{"title":"\u00c7orum Blok Tu\u011fla - FYD YAPI GRUP \u0130N\u015eAAT","robots":{"index":"index","follow":"follow","max-snippet":"max-snippet:-1","max-image-preview":"max-image-preview:large","max-video-preview":"max-video-preview:-1"},"canonical":"https:\/\/fydyapi.com\/index.php\/markalar\/corum-blok-tugla-ankara-toptan-satis-insaat-yapi-malzemeleri\/","og_locale":"tr_TR","og_type":"article","og_title":"\u00c7orum Blok Tu\u011fla - FYD YAPI GRUP \u0130N\u015eAAT","og_description":"\u00c7orum Blok Tu\u011fla \u00dcr\u00fcnleri 2012 y\u0131l\u0131nda kurulan FYD Yap\u0131 Grup Ltd. \u015eti. T\u00fcrkiye genelinde toptan in\u015faat malzemeleri ve taah\u00fct i\u015fleri yapmaktad\u0131r. Kendimizi s\u00fcrekli geli\u015ftirerek, profesyonel kadromuz ile hizmet vermeyi, yapt\u0131\u011f\u0131m\u0131z i\u015flerde kaliteden \u00f6d\u00fcn vermeden d\u00fcnya standartlar\u0131n\u0131 yakalamaya \u00e7al\u0131\u015ft\u0131k. FYD Yap\u0131 Grup olarak bu do\u011frultuda \u00c7orum Blok Tu\u011fla \u00fcr\u00fcnlerini sizlere fiyat avantajlar\u0131 ve sat\u0131\u015f sonras\u0131 hizmetler [&hellip;]","og_url":"https:\/\/fydyapi.com\/index.php\/markalar\/corum-blok-tugla-ankara-toptan-satis-insaat-yapi-malzemeleri\/","og_site_name":"FYD YAPI GRUP \u0130N\u015eAAT","article_modified_time":"2021-08-31T09:29:51+00:00","og_image":[{"url":"http:\/\/fydyapi.com\/wp-content\/uploads\/2021\/04\/corum-blok-tugla-ankara-bayii-satis-toptanci-toptan-insaat-malzemeleri.jpg","type":"","width":"","height":""}],"twitter_card":"summary_large_image","schema":{"@context":"https:\/\/schema.org","@graph":[{"@type":"WebPage","@id":"https:\/\/fydyapi.com\/index.php\/markalar\/corum-blok-tugla-ankara-toptan-satis-insaat-yapi-malzemeleri\/","url":"https:\/\/fydyapi.com\/index.php\/markalar\/corum-blok-tugla-ankara-toptan-satis-insaat-yapi-malzemeleri\/","name":"\u00c7orum Blok Tu\u011fla - FYD YAPI GRUP \u0130N\u015eAAT","isPartOf":{"@id":"https:\/\/fydyapi.com\/#website"},"primaryImageOfPage":{"@id":"https:\/\/fydyapi.com\/index.php\/markalar\/corum-blok-tugla-ankara-toptan-satis-insaat-yapi-malzemeleri\/#primaryimage"},"image":{"@id":"https:\/\/fydyapi.com\/index.php\/markalar\/corum-blok-tugla-ankara-toptan-satis-insaat-yapi-malzemeleri\/#primaryimage"},"thumbnailUrl":"http:\/\/fydyapi.com\/wp-content\/uploads\/2021\/04\/corum-blok-tugla-ankara-bayii-satis-toptanci-toptan-insaat-malzemeleri.jpg","datePublished":"2021-04-03T08:34:26+00:00","dateModified":"2021-08-31T09:29:51+00:00","breadcrumb":{"@id":"https:\/\/fydyapi.com\/index.php\/markalar\/corum-blok-tugla-ankara-toptan-satis-insaat-yapi-malzemeleri\/#breadcrumb"},"inLanguage":"tr","potentialAction":[{"@type":"ReadAction","target":["https:\/\/fydyapi.com\/index.php\/markalar\/corum-blok-tugla-ankara-toptan-satis-insaat-yapi-malzemeleri\/"]}]},{"@type":"ImageObject","inLanguage":"tr","@id":"https:\/\/fydyapi.com\/index.php\/markalar\/corum-blok-tugla-ankara-toptan-satis-insaat-yapi-malzemeleri\/#primaryimage","url":"https:\/\/fydyapi.com\/wp-content\/uploads\/2021\/04\/corum-blok-tugla-ankara-bayii-satis-toptanci-toptan-insaat-malzemeleri.jpg","contentUrl":"https:\/\/fydyapi.com\/wp-content\/uploads\/2021\/04\/corum-blok-tugla-ankara-bayii-satis-toptanci-toptan-insaat-malzemeleri.jpg","width":512,"height":512,"caption":"\u00c7ORUM BLOK TU\u011eLA"},{"@type":"BreadcrumbList","@id":"https:\/\/fydyapi.com\/index.php\/markalar\/corum-blok-tugla-ankara-toptan-satis-insaat-yapi-malzemeleri\/#breadcrumb","itemListElement":[{"@type":"ListItem","position":1,"name":"Anasayfa","item":"https:\/\/fydyapi.com\/"},{"@type":"ListItem","position":2,"name":"Markalar","item":"https:\/\/fydyapi.com\/index.php\/markalar\/"},{"@type":"ListItem","position":3,"name":"\u00c7orum Blok Tu\u011fla"}]},{"@type":"WebSite","@id":"https:\/\/fydyapi.com\/#website","url":"https:\/\/fydyapi.com\/","name":"FYD YAPI GRUP \u0130N\u015eAAT","description":"FYD Yap\u0131 Grup \u0130n\u015faat","publisher":{"@id":"https:\/\/fydyapi.com\/#organization"},"potentialAction":[{"@type":"SearchAction","target":{"@type":"EntryPoint","urlTemplate":"https:\/\/fydyapi.com\/?s={search_term_string}"},"query-input":{"@type":"PropertyValueSpecification","valueRequired":true,"valueName":"search_term_string"}}],"inLanguage":"tr"},{"@type":"Organization","@id":"https:\/\/fydyapi.com\/#organization","name":"FYD YAPI GRUP \u0130N\u015eAAT","url":"https:\/\/fydyapi.com\/","logo":{"@type":"ImageObject","inLanguage":"tr","@id":"https:\/\/fydyapi.com\/#\/schema\/logo\/image\/","url":"https:\/\/fydyapi.com\/wp-content\/uploads\/2021\/02\/cropped-cropped-cropped-png-site-1-e1630398538716.png","contentUrl":"https:\/\/fydyapi.com\/wp-content\/uploads\/2021\/02\/cropped-cropped-cropped-png-site-1-e1630398538716.png","width":400,"height":307,"caption":"FYD YAPI GRUP \u0130N\u015eAAT"},"image":{"@id":"https:\/\/fydyapi.com\/#\/schema\/logo\/image\/"}}]}},"_links":{"self":[{"href":"https:\/\/fydyapi.com\/index.php\/wp-json\/wp\/v2\/pages\/2796","targetHints":{"allow":["GET"]}}],"collection":[{"href":"https:\/\/fydyapi.com\/index.php\/wp-json\/wp\/v2\/pages"}],"about":[{"href":"https:\/\/fydyapi.com\/index.php\/wp-json\/wp\/v2\/types\/page"}],"author":[{"embeddable":true,"href":"https:\/\/fydyapi.com\/index.php\/wp-json\/wp\/v2\/users\/1"}],"replies":[{"embeddable":true,"href":"https:\/\/fydyapi.com\/index.php\/wp-json\/wp\/v2\/comments?post=2796"}],"version-history":[{"count":21,"href":"https:\/\/fydyapi.com\/index.php\/wp-json\/wp\/v2\/pages\/2796\/revisions"}],"predecessor-version":[{"id":3651,"href":"https:\/\/fydyapi.com\/index.php\/wp-json\/wp\/v2\/pages\/2796\/revisions\/3651"}],"up":[{"embeddable":true,"href":"https:\/\/fydyapi.com\/index.php\/wp-json\/wp\/v2\/pages\/74"}],"wp:attachment":[{"href":"https:\/\/fydyapi.com\/index.php\/wp-json\/wp\/v2\/media?parent=2796"}],"curies":[{"name":"wp","href":"https:\/\/api.w.org\/{rel}","templated":true}]}}