{"id":72,"date":"2017-07-12T05:54:00","date_gmt":"2017-07-12T05:54:00","guid":{"rendered":"http:\/\/fydyapi.com\/index.php\/services\/"},"modified":"2021-08-31T09:31:01","modified_gmt":"2021-08-31T09:31:01","slug":"urunler","status":"publish","type":"page","link":"https:\/\/fydyapi.com\/index.php\/urunler\/","title":{"rendered":"\u00dcr\u00fcnler"},"content":{"rendered":"\t\t<div data-elementor-type=\"wp-post\" data-elementor-id=\"72\" class=\"elementor elementor-72\">\n\t\t\t\t\t\t<section class=\"elementor-section elementor-top-section elementor-element elementor-element-1fc205cc elementor-section-content-middle elementor-reverse-mobile elementor-section-boxed elementor-section-height-default elementor-section-height-default\" data-id=\"1fc205cc\" data-element_type=\"section\" data-e-type=\"section\">\n\t\t\t\t\t\t<div class=\"elementor-container elementor-column-gap-default\">\n\t\t\t\t\t<div class=\"elementor-column elementor-col-50 elementor-top-column elementor-element elementor-element-275cb17a\" data-id=\"275cb17a\" data-element_type=\"column\" data-e-type=\"column\">\n\t\t\t<div class=\"elementor-widget-wrap elementor-element-populated\">\n\t\t\t\t\t\t<div class=\"elementor-element elementor-element-345a78ce elementor-widget elementor-widget-heading\" data-id=\"345a78ce\" data-element_type=\"widget\" data-e-type=\"widget\" data-widget_type=\"heading.default\">\n\t\t\t\t<div class=\"elementor-widget-container\">\n\t\t\t\t\t<h6 class=\"elementor-heading-title elementor-size-large\">Kaba \u0130n\u015faat Malzemeleri<\/h6>\t\t\t\t<\/div>\n\t\t\t\t<\/div>\n\t\t\t\t<div class=\"elementor-element elementor-element-5a7cca99 elementor-widget elementor-widget-text-editor\" data-id=\"5a7cca99\" data-element_type=\"widget\" data-e-type=\"widget\" data-widget_type=\"text-editor.default\">\n\t\t\t\t<div class=\"elementor-widget-container\">\n\t\t\t\t\t\t\t\t\t<p>-Kum<\/p><p><span style=\"font-size: 14px; color: #1a1a1a; font-family: Helvetica, Verdana, Arial, sans-serif;\">-Pomza<\/span><\/p><p><span style=\"font-size: 14px; color: #1a1a1a; font-family: Helvetica, Verdana, Arial, sans-serif;\">-\u00c7imento<\/span><\/p><p><span style=\"font-size: 14px; color: #1a1a1a; font-family: Helvetica, Verdana, Arial, sans-serif;\">-Kire\u00e7<\/span><\/p><p><span style=\"font-size: 14px; color: #1a1a1a; font-family: Helvetica, Verdana, Arial, sans-serif;\">-Pomza<\/span><\/p><p><span style=\"font-size: 14px; color: #1a1a1a; font-family: Helvetica, Verdana, Arial, sans-serif;\">-Klavuz plaka<\/span><\/p>\t\t\t\t\t\t\t\t<\/div>\n\t\t\t\t<\/div>\n\t\t\t\t\t<\/div>\n\t\t<\/div>\n\t\t\t\t<div class=\"elementor-column elementor-col-50 elementor-top-column elementor-element elementor-element-4b40549d\" data-id=\"4b40549d\" data-element_type=\"column\" data-e-type=\"column\">\n\t\t\t<div class=\"elementor-widget-wrap elementor-element-populated\">\n\t\t\t\t\t\t<div class=\"elementor-element elementor-element-45f5d8d0 elementor-widget elementor-widget-image\" data-id=\"45f5d8d0\" data-element_type=\"widget\" data-e-type=\"widget\" loading=\"lazy\" data-widget_type=\"image.default\">\n\t\t\t\t<div class=\"elementor-widget-container\">\n\t\t\t\t\t\t\t\t\t\t\t\t\t\t\t<img fetchpriority=\"high\" decoding=\"async\" width=\"350\" height=\"235\" src=\"https:\/\/fydyapi.com\/wp-content\/uploads\/2021\/04\/kaba-insaat-malzemeleri-ankara-toptanci-toptan-satis.jpg\" class=\"attachment-full size-full wp-image-3021\" alt=\"\" srcset=\"https:\/\/fydyapi.com\/wp-content\/uploads\/2021\/04\/kaba-insaat-malzemeleri-ankara-toptanci-toptan-satis.jpg 350w, https:\/\/fydyapi.com\/wp-content\/uploads\/2021\/04\/kaba-insaat-malzemeleri-ankara-toptanci-toptan-satis-300x201.jpg 300w\" sizes=\"(max-width: 350px) 100vw, 350px\" \/>\t\t\t\t\t\t\t\t\t\t\t\t\t\t\t<\/div>\n\t\t\t\t<\/div>\n\t\t\t\t\t<\/div>\n\t\t<\/div>\n\t\t\t\t\t<\/div>\n\t\t<\/section>\n\t\t\t\t<section class=\"elementor-section elementor-top-section elementor-element elementor-element-5806b377 elementor-section-content-middle elementor-section-boxed elementor-section-height-default elementor-section-height-default\" data-id=\"5806b377\" data-element_type=\"section\" data-e-type=\"section\">\n\t\t\t\t\t\t<div class=\"elementor-container elementor-column-gap-default\">\n\t\t\t\t\t<div class=\"elementor-column elementor-col-50 elementor-top-column elementor-element elementor-element-714ce1b3\" data-id=\"714ce1b3\" data-element_type=\"column\" data-e-type=\"column\">\n\t\t\t<div class=\"elementor-widget-wrap elementor-element-populated\">\n\t\t\t\t\t\t<div class=\"elementor-element elementor-element-6dd58c0c elementor-widget elementor-widget-image\" data-id=\"6dd58c0c\" data-element_type=\"widget\" data-e-type=\"widget\" loading=\"lazy\" data-widget_type=\"image.default\">\n\t\t\t\t<div class=\"elementor-widget-container\">\n\t\t\t\t\t\t\t\t\t\t\t\t\t\t\t<img decoding=\"async\" width=\"1856\" height=\"1266\" src=\"https:\/\/fydyapi.com\/wp-content\/uploads\/2021\/04\/isi-yalitim-urunleri-ankara-toptan-Tas-yunu-eps-xps-mebran.jpg\" class=\"attachment-full size-full wp-image-3031\" alt=\"\" srcset=\"https:\/\/fydyapi.com\/wp-content\/uploads\/2021\/04\/isi-yalitim-urunleri-ankara-toptan-Tas-yunu-eps-xps-mebran.jpg 1856w, https:\/\/fydyapi.com\/wp-content\/uploads\/2021\/04\/isi-yalitim-urunleri-ankara-toptan-Tas-yunu-eps-xps-mebran-300x205.jpg 300w, https:\/\/fydyapi.com\/wp-content\/uploads\/2021\/04\/isi-yalitim-urunleri-ankara-toptan-Tas-yunu-eps-xps-mebran-1024x698.jpg 1024w, https:\/\/fydyapi.com\/wp-content\/uploads\/2021\/04\/isi-yalitim-urunleri-ankara-toptan-Tas-yunu-eps-xps-mebran-768x524.jpg 768w, https:\/\/fydyapi.com\/wp-content\/uploads\/2021\/04\/isi-yalitim-urunleri-ankara-toptan-Tas-yunu-eps-xps-mebran-1536x1048.jpg 1536w\" sizes=\"(max-width: 1856px) 100vw, 1856px\" \/>\t\t\t\t\t\t\t\t\t\t\t\t\t\t\t<\/div>\n\t\t\t\t<\/div>\n\t\t\t\t\t<\/div>\n\t\t<\/div>\n\t\t\t\t<div class=\"elementor-column elementor-col-50 elementor-top-column elementor-element elementor-element-417a0dee\" data-id=\"417a0dee\" data-element_type=\"column\" data-e-type=\"column\">\n\t\t\t<div class=\"elementor-widget-wrap elementor-element-populated\">\n\t\t\t\t\t\t<div class=\"elementor-element elementor-element-6bfa1993 elementor-widget elementor-widget-heading\" data-id=\"6bfa1993\" data-element_type=\"widget\" data-e-type=\"widget\" data-widget_type=\"heading.default\">\n\t\t\t\t<div class=\"elementor-widget-container\">\n\t\t\t\t\t<h3 class=\"elementor-heading-title elementor-size-default\">Is\u0131 Yal\u0131t\u0131m \u00dcr\u00fcnleri<\/h3>\t\t\t\t<\/div>\n\t\t\t\t<\/div>\n\t\t\t\t<div class=\"elementor-element elementor-element-60a3eb6f elementor-widget elementor-widget-text-editor\" data-id=\"60a3eb6f\" data-element_type=\"widget\" data-e-type=\"widget\" data-widget_type=\"text-editor.default\">\n\t\t\t\t<div class=\"elementor-widget-container\">\n\t\t\t\t\t\t\t\t\t<p style=\"text-align: left;\">-Ta\u015f y\u00fcn\u00fc<\/p><p>-Eps \u0131s\u0131 yal\u0131t\u0131m \u00fcr\u00fcnleri<\/p><p>-Xps \u0131s\u0131 yal\u0131t\u0131m \u00fcr\u00fcnleri<\/p><p>-Mebran<\/p>\t\t\t\t\t\t\t\t<\/div>\n\t\t\t\t<\/div>\n\t\t\t\t\t<\/div>\n\t\t<\/div>\n\t\t\t\t\t<\/div>\n\t\t<\/section>\n\t\t\t\t<section class=\"elementor-section elementor-top-section elementor-element elementor-element-24d07ecc elementor-section-content-middle elementor-reverse-mobile elementor-section-boxed elementor-section-height-default elementor-section-height-default\" data-id=\"24d07ecc\" data-element_type=\"section\" data-e-type=\"section\">\n\t\t\t\t\t\t<div class=\"elementor-container elementor-column-gap-default\">\n\t\t\t\t\t<div class=\"elementor-column elementor-col-50 elementor-top-column elementor-element elementor-element-7c921e8b\" data-id=\"7c921e8b\" data-element_type=\"column\" data-e-type=\"column\">\n\t\t\t<div class=\"elementor-widget-wrap elementor-element-populated\">\n\t\t\t\t\t\t<div class=\"elementor-element elementor-element-55ad9ab0 elementor-widget elementor-widget-heading\" data-id=\"55ad9ab0\" data-element_type=\"widget\" data-e-type=\"widget\" data-widget_type=\"heading.default\">\n\t\t\t\t<div class=\"elementor-widget-container\">\n\t\t\t\t\t<h3 class=\"elementor-heading-title elementor-size-default\">Al\u00e7\u0131 - Al\u00e7\u0131pan ve Aksesuar Malzemeleri<\/h3>\t\t\t\t<\/div>\n\t\t\t\t<\/div>\n\t\t\t\t<div class=\"elementor-element elementor-element-3ac65ba8 elementor-widget elementor-widget-text-editor\" data-id=\"3ac65ba8\" data-element_type=\"widget\" data-e-type=\"widget\" data-widget_type=\"text-editor.default\">\n\t\t\t\t<div class=\"elementor-widget-container\">\n\t\t\t\t\t\t\t\t\t<p>-Al\u00e7\u0131<br \/>-Saten al\u00e7\u0131<br \/>-Al\u00e7\u0131pan<br \/>-Duvar C profili<br \/>-Duvar U profili<br \/>-Tavan C profili<br \/>-Tavan U profili<br \/>-Klips<\/p>\t\t\t\t\t\t\t\t<\/div>\n\t\t\t\t<\/div>\n\t\t\t\t\t<\/div>\n\t\t<\/div>\n\t\t\t\t<div class=\"elementor-column elementor-col-50 elementor-top-column elementor-element elementor-element-3d20771d\" data-id=\"3d20771d\" data-element_type=\"column\" data-e-type=\"column\">\n\t\t\t<div class=\"elementor-widget-wrap elementor-element-populated\">\n\t\t\t\t\t\t<div class=\"elementor-element elementor-element-727a76ec elementor-widget elementor-widget-image\" data-id=\"727a76ec\" data-element_type=\"widget\" data-e-type=\"widget\" loading=\"lazy\" data-widget_type=\"image.default\">\n\t\t\t\t<div class=\"elementor-widget-container\">\n\t\t\t\t\t\t\t\t\t\t\t\t\t\t\t<img decoding=\"async\" width=\"720\" height=\"720\" src=\"https:\/\/fydyapi.com\/wp-content\/uploads\/2021\/04\/alci-alcipan-aksesuar-toptan-ankara-satis-toptanci-768x768.jpg\" class=\"attachment-medium_large size-medium_large wp-image-3052\" alt=\"\" srcset=\"https:\/\/fydyapi.com\/wp-content\/uploads\/2021\/04\/alci-alcipan-aksesuar-toptan-ankara-satis-toptanci-768x768.jpg 768w, https:\/\/fydyapi.com\/wp-content\/uploads\/2021\/04\/alci-alcipan-aksesuar-toptan-ankara-satis-toptanci-300x300.jpg 300w, https:\/\/fydyapi.com\/wp-content\/uploads\/2021\/04\/alci-alcipan-aksesuar-toptan-ankara-satis-toptanci-1024x1024.jpg 1024w, https:\/\/fydyapi.com\/wp-content\/uploads\/2021\/04\/alci-alcipan-aksesuar-toptan-ankara-satis-toptanci-150x150.jpg 150w, https:\/\/fydyapi.com\/wp-content\/uploads\/2021\/04\/alci-alcipan-aksesuar-toptan-ankara-satis-toptanci-1536x1536.jpg 1536w, https:\/\/fydyapi.com\/wp-content\/uploads\/2021\/04\/alci-alcipan-aksesuar-toptan-ankara-satis-toptanci.jpg 2000w\" sizes=\"(max-width: 720px) 100vw, 720px\" \/>\t\t\t\t\t\t\t\t\t\t\t\t\t\t\t<\/div>\n\t\t\t\t<\/div>\n\t\t\t\t\t<\/div>\n\t\t<\/div>\n\t\t\t\t\t<\/div>\n\t\t<\/section>\n\t\t\t\t<\/div>\n\t\t","protected":false},"excerpt":{"rendered":"<p>Kaba \u0130n\u015faat Malzemeleri -Kum -Pomza -\u00c7imento -Kire\u00e7 -Pomza -Klavuz plaka Is\u0131 Yal\u0131t\u0131m \u00dcr\u00fcnleri -Ta\u015f y\u00fcn\u00fc -Eps \u0131s\u0131 yal\u0131t\u0131m \u00fcr\u00fcnleri -Xps \u0131s\u0131 yal\u0131t\u0131m \u00fcr\u00fcnleri -Mebran Al\u00e7\u0131 &#8211; Al\u00e7\u0131pan ve Aksesuar Malzemeleri -Al\u00e7\u0131-Saten al\u00e7\u0131-Al\u00e7\u0131pan-Duvar C profili-Duvar U profili-Tavan C profili-Tavan U profili-Klips<\/p>\n","protected":false},"author":1,"featured_media":0,"parent":0,"menu_order":0,"comment_status":"closed","ping_status":"closed","template":"elementor_header_footer","meta":{"footnotes":""},"class_list":["post-72","page","type-page","status-publish","hentry","post"],"yoast_head":"<!-- This site is optimized with the Yoast SEO plugin v27.5 - https:\/\/yoast.com\/product\/yoast-seo-wordpress\/ -->\n<title>\u00dcr\u00fcnler - FYD YAPI GRUP \u0130N\u015eAAT<\/title>\n<meta name=\"robots\" content=\"index, follow, max-snippet:-1, max-image-preview:large, max-video-preview:-1\" \/>\n<link rel=\"canonical\" href=\"https:\/\/fydyapi.com\/index.php\/urunler\/\" \/>\n<meta property=\"og:locale\" content=\"tr_TR\" \/>\n<meta property=\"og:type\" content=\"article\" \/>\n<meta property=\"og:title\" content=\"\u00dcr\u00fcnler - FYD YAPI GRUP \u0130N\u015eAAT\" \/>\n<meta property=\"og:description\" content=\"Kaba \u0130n\u015faat Malzemeleri -Kum -Pomza -\u00c7imento -Kire\u00e7 -Pomza -Klavuz plaka Is\u0131 Yal\u0131t\u0131m \u00dcr\u00fcnleri -Ta\u015f y\u00fcn\u00fc -Eps \u0131s\u0131 yal\u0131t\u0131m \u00fcr\u00fcnleri -Xps \u0131s\u0131 yal\u0131t\u0131m \u00fcr\u00fcnleri -Mebran Al\u00e7\u0131 &#8211; Al\u00e7\u0131pan ve Aksesuar Malzemeleri -Al\u00e7\u0131-Saten al\u00e7\u0131-Al\u00e7\u0131pan-Duvar C profili-Duvar U profili-Tavan C profili-Tavan U profili-Klips\" \/>\n<meta property=\"og:url\" content=\"https:\/\/fydyapi.com\/index.php\/urunler\/\" \/>\n<meta property=\"og:site_name\" content=\"FYD YAPI GRUP \u0130N\u015eAAT\" \/>\n<meta property=\"article:modified_time\" content=\"2021-08-31T09:31:01+00:00\" \/>\n<meta property=\"og:image\" content=\"http:\/\/fydyapi.com\/wp-content\/uploads\/2021\/04\/kaba-insaat-malzemeleri-ankara-toptanci-toptan-satis.jpg\" \/>\n<meta name=\"twitter:card\" content=\"summary_large_image\" \/>\n<script type=\"application\/ld+json\" class=\"yoast-schema-graph\">{\"@context\":\"https:\\\/\\\/schema.org\",\"@graph\":[{\"@type\":\"WebPage\",\"@id\":\"https:\\\/\\\/fydyapi.com\\\/index.php\\\/urunler\\\/\",\"url\":\"https:\\\/\\\/fydyapi.com\\\/index.php\\\/urunler\\\/\",\"name\":\"\u00dcr\u00fcnler - FYD YAPI GRUP \u0130N\u015eAAT\",\"isPartOf\":{\"@id\":\"https:\\\/\\\/fydyapi.com\\\/#website\"},\"primaryImageOfPage\":{\"@id\":\"https:\\\/\\\/fydyapi.com\\\/index.php\\\/urunler\\\/#primaryimage\"},\"image\":{\"@id\":\"https:\\\/\\\/fydyapi.com\\\/index.php\\\/urunler\\\/#primaryimage\"},\"thumbnailUrl\":\"http:\\\/\\\/fydyapi.com\\\/wp-content\\\/uploads\\\/2021\\\/04\\\/kaba-insaat-malzemeleri-ankara-toptanci-toptan-satis.jpg\",\"datePublished\":\"2017-07-12T05:54:00+00:00\",\"dateModified\":\"2021-08-31T09:31:01+00:00\",\"breadcrumb\":{\"@id\":\"https:\\\/\\\/fydyapi.com\\\/index.php\\\/urunler\\\/#breadcrumb\"},\"inLanguage\":\"tr\",\"potentialAction\":[{\"@type\":\"ReadAction\",\"target\":[\"https:\\\/\\\/fydyapi.com\\\/index.php\\\/urunler\\\/\"]}]},{\"@type\":\"ImageObject\",\"inLanguage\":\"tr\",\"@id\":\"https:\\\/\\\/fydyapi.com\\\/index.php\\\/urunler\\\/#primaryimage\",\"url\":\"https:\\\/\\\/fydyapi.com\\\/wp-content\\\/uploads\\\/2021\\\/04\\\/kaba-insaat-malzemeleri-ankara-toptanci-toptan-satis.jpg\",\"contentUrl\":\"https:\\\/\\\/fydyapi.com\\\/wp-content\\\/uploads\\\/2021\\\/04\\\/kaba-insaat-malzemeleri-ankara-toptanci-toptan-satis.jpg\",\"width\":350,\"height\":235},{\"@type\":\"BreadcrumbList\",\"@id\":\"https:\\\/\\\/fydyapi.com\\\/index.php\\\/urunler\\\/#breadcrumb\",\"itemListElement\":[{\"@type\":\"ListItem\",\"position\":1,\"name\":\"Anasayfa\",\"item\":\"https:\\\/\\\/fydyapi.com\\\/\"},{\"@type\":\"ListItem\",\"position\":2,\"name\":\"\u00dcr\u00fcnler\"}]},{\"@type\":\"WebSite\",\"@id\":\"https:\\\/\\\/fydyapi.com\\\/#website\",\"url\":\"https:\\\/\\\/fydyapi.com\\\/\",\"name\":\"FYD YAPI GRUP \u0130N\u015eAAT\",\"description\":\"FYD Yap\u0131 Grup \u0130n\u015faat\",\"publisher\":{\"@id\":\"https:\\\/\\\/fydyapi.com\\\/#organization\"},\"potentialAction\":[{\"@type\":\"SearchAction\",\"target\":{\"@type\":\"EntryPoint\",\"urlTemplate\":\"https:\\\/\\\/fydyapi.com\\\/?s={search_term_string}\"},\"query-input\":{\"@type\":\"PropertyValueSpecification\",\"valueRequired\":true,\"valueName\":\"search_term_string\"}}],\"inLanguage\":\"tr\"},{\"@type\":\"Organization\",\"@id\":\"https:\\\/\\\/fydyapi.com\\\/#organization\",\"name\":\"FYD YAPI GRUP \u0130N\u015eAAT\",\"url\":\"https:\\\/\\\/fydyapi.com\\\/\",\"logo\":{\"@type\":\"ImageObject\",\"inLanguage\":\"tr\",\"@id\":\"https:\\\/\\\/fydyapi.com\\\/#\\\/schema\\\/logo\\\/image\\\/\",\"url\":\"https:\\\/\\\/fydyapi.com\\\/wp-content\\\/uploads\\\/2021\\\/02\\\/cropped-cropped-cropped-png-site-1-e1630398538716.png\",\"contentUrl\":\"https:\\\/\\\/fydyapi.com\\\/wp-content\\\/uploads\\\/2021\\\/02\\\/cropped-cropped-cropped-png-site-1-e1630398538716.png\",\"width\":400,\"height\":307,\"caption\":\"FYD YAPI GRUP \u0130N\u015eAAT\"},\"image\":{\"@id\":\"https:\\\/\\\/fydyapi.com\\\/#\\\/schema\\\/logo\\\/image\\\/\"}}]}<\/script>\n<!-- \/ Yoast SEO plugin. -->","yoast_head_json":{"title":"\u00dcr\u00fcnler - FYD YAPI GRUP \u0130N\u015eAAT","robots":{"index":"index","follow":"follow","max-snippet":"max-snippet:-1","max-image-preview":"max-image-preview:large","max-video-preview":"max-video-preview:-1"},"canonical":"https:\/\/fydyapi.com\/index.php\/urunler\/","og_locale":"tr_TR","og_type":"article","og_title":"\u00dcr\u00fcnler - FYD YAPI GRUP \u0130N\u015eAAT","og_description":"Kaba \u0130n\u015faat Malzemeleri -Kum -Pomza -\u00c7imento -Kire\u00e7 -Pomza -Klavuz plaka Is\u0131 Yal\u0131t\u0131m \u00dcr\u00fcnleri -Ta\u015f y\u00fcn\u00fc -Eps \u0131s\u0131 yal\u0131t\u0131m \u00fcr\u00fcnleri -Xps \u0131s\u0131 yal\u0131t\u0131m \u00fcr\u00fcnleri -Mebran Al\u00e7\u0131 &#8211; Al\u00e7\u0131pan ve Aksesuar Malzemeleri -Al\u00e7\u0131-Saten al\u00e7\u0131-Al\u00e7\u0131pan-Duvar C profili-Duvar U profili-Tavan C profili-Tavan U profili-Klips","og_url":"https:\/\/fydyapi.com\/index.php\/urunler\/","og_site_name":"FYD YAPI GRUP \u0130N\u015eAAT","article_modified_time":"2021-08-31T09:31:01+00:00","og_image":[{"url":"http:\/\/fydyapi.com\/wp-content\/uploads\/2021\/04\/kaba-insaat-malzemeleri-ankara-toptanci-toptan-satis.jpg","type":"","width":"","height":""}],"twitter_card":"summary_large_image","schema":{"@context":"https:\/\/schema.org","@graph":[{"@type":"WebPage","@id":"https:\/\/fydyapi.com\/index.php\/urunler\/","url":"https:\/\/fydyapi.com\/index.php\/urunler\/","name":"\u00dcr\u00fcnler - FYD YAPI GRUP \u0130N\u015eAAT","isPartOf":{"@id":"https:\/\/fydyapi.com\/#website"},"primaryImageOfPage":{"@id":"https:\/\/fydyapi.com\/index.php\/urunler\/#primaryimage"},"image":{"@id":"https:\/\/fydyapi.com\/index.php\/urunler\/#primaryimage"},"thumbnailUrl":"http:\/\/fydyapi.com\/wp-content\/uploads\/2021\/04\/kaba-insaat-malzemeleri-ankara-toptanci-toptan-satis.jpg","datePublished":"2017-07-12T05:54:00+00:00","dateModified":"2021-08-31T09:31:01+00:00","breadcrumb":{"@id":"https:\/\/fydyapi.com\/index.php\/urunler\/#breadcrumb"},"inLanguage":"tr","potentialAction":[{"@type":"ReadAction","target":["https:\/\/fydyapi.com\/index.php\/urunler\/"]}]},{"@type":"ImageObject","inLanguage":"tr","@id":"https:\/\/fydyapi.com\/index.php\/urunler\/#primaryimage","url":"https:\/\/fydyapi.com\/wp-content\/uploads\/2021\/04\/kaba-insaat-malzemeleri-ankara-toptanci-toptan-satis.jpg","contentUrl":"https:\/\/fydyapi.com\/wp-content\/uploads\/2021\/04\/kaba-insaat-malzemeleri-ankara-toptanci-toptan-satis.jpg","width":350,"height":235},{"@type":"BreadcrumbList","@id":"https:\/\/fydyapi.com\/index.php\/urunler\/#breadcrumb","itemListElement":[{"@type":"ListItem","position":1,"name":"Anasayfa","item":"https:\/\/fydyapi.com\/"},{"@type":"ListItem","position":2,"name":"\u00dcr\u00fcnler"}]},{"@type":"WebSite","@id":"https:\/\/fydyapi.com\/#website","url":"https:\/\/fydyapi.com\/","name":"FYD YAPI GRUP \u0130N\u015eAAT","description":"FYD Yap\u0131 Grup \u0130n\u015faat","publisher":{"@id":"https:\/\/fydyapi.com\/#organization"},"potentialAction":[{"@type":"SearchAction","target":{"@type":"EntryPoint","urlTemplate":"https:\/\/fydyapi.com\/?s={search_term_string}"},"query-input":{"@type":"PropertyValueSpecification","valueRequired":true,"valueName":"search_term_string"}}],"inLanguage":"tr"},{"@type":"Organization","@id":"https:\/\/fydyapi.com\/#organization","name":"FYD YAPI GRUP \u0130N\u015eAAT","url":"https:\/\/fydyapi.com\/","logo":{"@type":"ImageObject","inLanguage":"tr","@id":"https:\/\/fydyapi.com\/#\/schema\/logo\/image\/","url":"https:\/\/fydyapi.com\/wp-content\/uploads\/2021\/02\/cropped-cropped-cropped-png-site-1-e1630398538716.png","contentUrl":"https:\/\/fydyapi.com\/wp-content\/uploads\/2021\/02\/cropped-cropped-cropped-png-site-1-e1630398538716.png","width":400,"height":307,"caption":"FYD YAPI GRUP \u0130N\u015eAAT"},"image":{"@id":"https:\/\/fydyapi.com\/#\/schema\/logo\/image\/"}}]}},"_links":{"self":[{"href":"https:\/\/fydyapi.com\/index.php\/wp-json\/wp\/v2\/pages\/72","targetHints":{"allow":["GET"]}}],"collection":[{"href":"https:\/\/fydyapi.com\/index.php\/wp-json\/wp\/v2\/pages"}],"about":[{"href":"https:\/\/fydyapi.com\/index.php\/wp-json\/wp\/v2\/types\/page"}],"author":[{"embeddable":true,"href":"https:\/\/fydyapi.com\/index.php\/wp-json\/wp\/v2\/users\/1"}],"replies":[{"embeddable":true,"href":"https:\/\/fydyapi.com\/index.php\/wp-json\/wp\/v2\/comments?post=72"}],"version-history":[{"count":76,"href":"https:\/\/fydyapi.com\/index.php\/wp-json\/wp\/v2\/pages\/72\/revisions"}],"predecessor-version":[{"id":3678,"href":"https:\/\/fydyapi.com\/index.php\/wp-json\/wp\/v2\/pages\/72\/revisions\/3678"}],"wp:attachment":[{"href":"https:\/\/fydyapi.com\/index.php\/wp-json\/wp\/v2\/media?parent=72"}],"curies":[{"name":"wp","href":"https:\/\/api.w.org\/{rel}","templated":true}]}}